{"id":108542,"date":"2024-07-09T12:11:26","date_gmt":"2024-07-09T16:11:26","guid":{"rendered":"https:\/\/pdirect.ca\/?post_type=product&#038;p=108542"},"modified":"2026-01-13T15:36:48","modified_gmt":"2026-01-13T20:36:48","slug":"basik3-stratifie-12mm-8194-chene-immacule-2-05pi2","status":"publish","type":"product","link":"https:\/\/pdirect.ca\/en\/product\/basik3-stratifie-12mm-8194-chene-immacule-2-05pi2\/","title":{"rendered":"Basik3 Stratifi\u00e9 12mm 8194 Ch\u00eane Immacul\u00e9"},"content":{"rendered":"<h5>Principales caract\u00e9ristiques<\/h5>\n<p><img loading=\"lazy\" decoding=\"async\" class=\"alignleft wp-image-5616 size-full\" src=\"https:\/\/www.powerdekorna.com\/wp-content\/uploads\/2020\/02\/BasikCollection_features.jpg\" alt=\"Caract\u00e9ristiques de la collection Basik\" width=\"432\" height=\"212\" \/><\/p>\n<section class=\"av_toggle_section av-8vl0az-5c87bb743f245dd56f066dacf1e8e603\">\n<div class=\"single_toggle\" role=\"tablist\" data-tags=\"{All} \">\n<p class=\"toggler activeTitle\" role=\"tab\" data-fake-id=\"#toggle-id-9\" aria-controls=\"toggle-id-9\">Des mesures<\/p>\n<div id=\"toggle-id-9\" class=\"toggle_wrap active_tc\">\n<div class=\"toggle_content invers-color\">\n<p><strong>Longueur de la planche :\u00a0<\/strong>\u00a047,75 po (1\u00a0215 mm)<br \/>\n<strong>Largeur de la planche :<\/strong>\u00a06,75 po (170 mm)<br \/>\n<strong>\u00c9paisseur :<\/strong>\u00a00,5 po (12 mm)<\/p>\n<\/div>\n<\/div>\n<\/div>\n<\/section>\n<section class=\"av_toggle_section av-7s6brv-bbb43961e2d75ace3fdc94134c55f847\">\n<div class=\"single_toggle\" role=\"tablist\" data-tags=\"{All} \">\n<p class=\"toggler\" role=\"tab\" data-fake-id=\"#toggle-id-10\" aria-controls=\"toggle-id-10\">Installation<\/p>\n<div id=\"toggle-id-10\" class=\"toggle_wrap\">\n<div class=\"toggle_content invers-color\">\n<p>&nbsp;<\/p>\n<\/div>\n<p><strong>boite de 17.79 pied carr\u00e9<\/strong><\/p>\n<\/div>\n<\/div>\n<\/section>","protected":false},"excerpt":{"rendered":"<h5>Principales caract\u00e9ristiques<\/h5>\n<p><img loading=\"lazy\" decoding=\"async\" class=\"alignleft wp-image-5616 size-full\" src=\"https:\/\/www.powerdekorna.com\/wp-content\/uploads\/2020\/02\/BasikCollection_features.jpg\" alt=\"Caract\u00e9ristiques de la collection Basik\" width=\"432\" height=\"212\" \/><\/p>\n<section class=\"av_toggle_section av-8vl0az-5c87bb743f245dd56f066dacf1e8e603\">\n<div class=\"single_toggle\" role=\"tablist\" data-tags=\"{All} \">\n<p class=\"toggler activeTitle\" role=\"tab\" data-fake-id=\"#toggle-id-9\" aria-controls=\"toggle-id-9\">Des mesures<\/p>\n<div id=\"toggle-id-9\" class=\"toggle_wrap active_tc\">\n<div class=\"toggle_content invers-color\">\n<p><strong>Longueur de la planche :\u00a0<\/strong>\u00a047,75 po (1\u00a0215 mm)<br \/>\n<strong>Largeur de la planche :<\/strong>\u00a06,75 po (170 mm)<br \/>\n<strong>\u00c9paisseur :<\/strong>\u00a00,5 po (12 mm)<\/p>\n<\/div>\n<\/div>\n<\/div>\n<\/section>\n<section class=\"av_toggle_section av-7s6brv-bbb43961e2d75ace3fdc94134c55f847\">\n<div class=\"single_toggle\" role=\"tablist\" data-tags=\"{All} \">\n<p class=\"toggler\" role=\"tab\" data-fake-id=\"#toggle-id-10\" aria-controls=\"toggle-id-10\">Installation<\/p>\n<div id=\"toggle-id-10\" class=\"toggle_wrap\">\n<div class=\"toggle_content invers-color\">\n<p>&nbsp;<\/p>\n<\/div>\n<p><strong>boite de 17.79 pied carr\u00e9<\/strong><\/p>\n<\/div>\n<\/div>\n<\/section>","protected":false},"featured_media":108543,"comment_status":"closed","ping_status":"closed","template":"","meta":{"rank_math_lock_modified_date":false},"product_cat":[56],"product_tag":[],"class_list":{"0":"post-108542","1":"product","2":"type-product","3":"status-publish","4":"has-post-thumbnail","6":"product_cat-plancherflottant","7":"product_shipping_class-palette","9":"first","10":"instock","11":"taxable","12":"shipping-taxable","13":"purchasable","14":"product-type-simple"},"_links":{"self":[{"href":"https:\/\/pdirect.ca\/en\/wp-json\/wp\/v2\/product\/108542"}],"collection":[{"href":"https:\/\/pdirect.ca\/en\/wp-json\/wp\/v2\/product"}],"about":[{"href":"https:\/\/pdirect.ca\/en\/wp-json\/wp\/v2\/types\/product"}],"replies":[{"embeddable":true,"href":"https:\/\/pdirect.ca\/en\/wp-json\/wp\/v2\/comments?post=108542"}],"wp:featuredmedia":[{"embeddable":true,"href":"https:\/\/pdirect.ca\/en\/wp-json\/wp\/v2\/media\/108543"}],"wp:attachment":[{"href":"https:\/\/pdirect.ca\/en\/wp-json\/wp\/v2\/media?parent=108542"}],"wp:term":[{"taxonomy":"product_cat","embeddable":true,"href":"https:\/\/pdirect.ca\/en\/wp-json\/wp\/v2\/product_cat?post=108542"},{"taxonomy":"product_tag","embeddable":true,"href":"https:\/\/pdirect.ca\/en\/wp-json\/wp\/v2\/product_tag?post=108542"}],"curies":[{"name":"wp","href":"https:\/\/api.w.org\/{rel}","templated":true}]}}