{"id":108544,"date":"2024-07-09T12:28:53","date_gmt":"2024-07-09T16:28:53","guid":{"rendered":"https:\/\/pdirect.ca\/?post_type=product&#038;p=108544"},"modified":"2026-01-13T15:35:24","modified_gmt":"2026-01-13T20:35:24","slug":"basik4-stratifie-12mm-8122-chene-gingembre-2-11pi2","status":"publish","type":"product","link":"https:\/\/pdirect.ca\/en\/product\/basik4-stratifie-12mm-8122-chene-gingembre-2-11pi2\/","title":{"rendered":"Basik4 Stratifi\u00e9 12mm 8122 Ch\u00eane gingembre"},"content":{"rendered":"<h5>Caract\u00e9ristiques Principales<\/h5>\n<p><img loading=\"lazy\" decoding=\"async\" class=\"alignleft wp-image-5616 size-full\" src=\"https:\/\/www.powerdekorna.com\/wp-content\/uploads\/2020\/04\/Basik4-Features.jpg\" alt=\"Basik4 Collection Features\" width=\"539\" height=\"212\" \/><\/p>\n<section class=\"av_toggle_section av-8vl0az-ddc867bb178feac431b8c73ef29908e6\">\n<div class=\"single_toggle\" role=\"tablist\" data-tags=\"{Tout} \">\n<p class=\"toggler activeTitle\" role=\"tab\" data-fake-id=\"#toggle-id-1\" aria-controls=\"toggle-id-1\">Mesures<\/p>\n<div id=\"toggle-id-1\" class=\"toggle_wrap active_tc\">\n<div class=\"toggle_content invers-color\">\n<p><strong>Longueur de la planche:\u00a0<\/strong>47.75 po. (1215 mm)<br \/>\n<strong>Largeur de la planche:<\/strong>\u00a05.0 po. (127 mm)<br \/>\n<strong>\u00c9paisseur:<\/strong>\u00a0.5 po. (12 mm)<\/p>\n<\/div>\n<\/div>\n<\/div>\n<\/section>\n<p><strong>Boite de 16.61 pied carr\u00e9<\/strong><\/p>","protected":false},"excerpt":{"rendered":"<h5>Caract\u00e9ristiques Principales<\/h5>\n<p><img loading=\"lazy\" decoding=\"async\" class=\"alignleft wp-image-5616 size-full\" src=\"https:\/\/www.powerdekorna.com\/wp-content\/uploads\/2020\/04\/Basik4-Features.jpg\" alt=\"Basik4 Collection Features\" width=\"539\" height=\"212\" \/><\/p>\n<section class=\"av_toggle_section av-8vl0az-ddc867bb178feac431b8c73ef29908e6\">\n<div class=\"single_toggle\" role=\"tablist\" data-tags=\"{Tout} \">\n<p class=\"toggler activeTitle\" role=\"tab\" data-fake-id=\"#toggle-id-1\" aria-controls=\"toggle-id-1\">Mesures<\/p>\n<div id=\"toggle-id-1\" class=\"toggle_wrap active_tc\">\n<div class=\"toggle_content invers-color\">\n<p><strong>Longueur de la planche:\u00a0<\/strong>47.75 po. (1215 mm)<br \/>\n<strong>Largeur de la planche:<\/strong>\u00a05.0 po. (127 mm)<br \/>\n<strong>\u00c9paisseur:<\/strong>\u00a0.5 po. (12 mm)<\/p>\n<\/div>\n<\/div>\n<\/div>\n<\/section>\n<p><strong>Boite de 16.61 pied carr\u00e9<\/strong><\/p>","protected":false},"featured_media":108545,"comment_status":"closed","ping_status":"closed","template":"","meta":{"rank_math_lock_modified_date":false},"product_cat":[56],"product_tag":[],"class_list":{"0":"post-108544","1":"product","2":"type-product","3":"status-publish","4":"has-post-thumbnail","6":"product_cat-plancherflottant","7":"product_shipping_class-palette","9":"first","10":"instock","11":"taxable","12":"shipping-taxable","13":"purchasable","14":"product-type-simple"},"_links":{"self":[{"href":"https:\/\/pdirect.ca\/en\/wp-json\/wp\/v2\/product\/108544"}],"collection":[{"href":"https:\/\/pdirect.ca\/en\/wp-json\/wp\/v2\/product"}],"about":[{"href":"https:\/\/pdirect.ca\/en\/wp-json\/wp\/v2\/types\/product"}],"replies":[{"embeddable":true,"href":"https:\/\/pdirect.ca\/en\/wp-json\/wp\/v2\/comments?post=108544"}],"wp:featuredmedia":[{"embeddable":true,"href":"https:\/\/pdirect.ca\/en\/wp-json\/wp\/v2\/media\/108545"}],"wp:attachment":[{"href":"https:\/\/pdirect.ca\/en\/wp-json\/wp\/v2\/media?parent=108544"}],"wp:term":[{"taxonomy":"product_cat","embeddable":true,"href":"https:\/\/pdirect.ca\/en\/wp-json\/wp\/v2\/product_cat?post=108544"},{"taxonomy":"product_tag","embeddable":true,"href":"https:\/\/pdirect.ca\/en\/wp-json\/wp\/v2\/product_tag?post=108544"}],"curies":[{"name":"wp","href":"https:\/\/api.w.org\/{rel}","templated":true}]}}