{"id":108906,"date":"2024-10-24T09:52:41","date_gmt":"2024-10-24T13:52:41","guid":{"rendered":"https:\/\/pdirect.ca\/?post_type=product&#038;p=108906"},"modified":"2025-11-03T11:26:09","modified_gmt":"2025-11-03T16:26:09","slug":"plancher-1867-evolution-serie-magma-xl-bromo-5790170-3-29pi2","status":"publish","type":"product","link":"https:\/\/pdirect.ca\/en\/product\/plancher-1867-evolution-serie-magma-xl-bromo-5790170-3-29pi2\/","title":{"rendered":"Plancher 1867 \u00c9volution S\u00e9rie Magma XL  Bromo 5790170"},"content":{"rendered":"<p><strong>Dimensions :<\/strong><br \/>\n\u00c9paisseur : 5 mm (1\/8\u2033) \u2013 incluant membrane 1mm<br \/>\nLargeur : 180 mm (7\u2033)<br \/>\nLongueur : 1220 mm (48\u2033)<\/p>\n<p>Couvre : 28.36 pi\u00b2 \/ boite<br \/>\nFini : Super mat<br \/>\nAvec membrane attach\u00e9e de 1 mm<br \/>\nBiseaut\u00e9s quatre c\u00f4t\u00e9s<br \/>\nInstallation : syst\u00e8me clic sans colle<br \/>\nMat\u00e9riel vierge<br \/>\nCouche d\u2019usure : 0,3 mm<br \/>\nGarantie\u00a0: r\u00e9sidentielle 25 ans \/ commerciale 5 ans<\/p>","protected":false},"excerpt":{"rendered":"<p><strong>Dimensions :<\/strong><br \/>\n\u00c9paisseur : 5 mm (1\/8\u2033) \u2013 incluant membrane 1mm<br \/>\nLargeur : 180 mm (7\u2033)<br \/>\nLongueur : 1220 mm (48\u2033)<\/p>\n<p>Couvre : 28.36 pi\u00b2 \/ boite<br \/>\nFini : Super mat<br \/>\nAvec membrane attach\u00e9e de 1 mm<br \/>\nBiseaut\u00e9s quatre c\u00f4t\u00e9s<br \/>\nInstallation : syst\u00e8me clic sans colle<br \/>\nMat\u00e9riel vierge<br \/>\nCouche d\u2019usure : 0,3 mm<br \/>\nGarantie\u00a0: r\u00e9sidentielle 25 ans \/ commerciale 5 ans<\/p>","protected":false},"featured_media":108907,"comment_status":"closed","ping_status":"closed","template":"","meta":{"rank_math_lock_modified_date":false},"product_cat":[141],"product_tag":[],"class_list":{"0":"post-108906","1":"product","2":"type-product","3":"status-publish","4":"has-post-thumbnail","6":"product_cat-vinyle-clic","7":"product_shipping_class-palette","9":"first","10":"instock","11":"taxable","12":"shipping-taxable","13":"purchasable","14":"product-type-simple"},"_links":{"self":[{"href":"https:\/\/pdirect.ca\/en\/wp-json\/wp\/v2\/product\/108906"}],"collection":[{"href":"https:\/\/pdirect.ca\/en\/wp-json\/wp\/v2\/product"}],"about":[{"href":"https:\/\/pdirect.ca\/en\/wp-json\/wp\/v2\/types\/product"}],"replies":[{"embeddable":true,"href":"https:\/\/pdirect.ca\/en\/wp-json\/wp\/v2\/comments?post=108906"}],"wp:featuredmedia":[{"embeddable":true,"href":"https:\/\/pdirect.ca\/en\/wp-json\/wp\/v2\/media\/108907"}],"wp:attachment":[{"href":"https:\/\/pdirect.ca\/en\/wp-json\/wp\/v2\/media?parent=108906"}],"wp:term":[{"taxonomy":"product_cat","embeddable":true,"href":"https:\/\/pdirect.ca\/en\/wp-json\/wp\/v2\/product_cat?post=108906"},{"taxonomy":"product_tag","embeddable":true,"href":"https:\/\/pdirect.ca\/en\/wp-json\/wp\/v2\/product_tag?post=108906"}],"curies":[{"name":"wp","href":"https:\/\/api.w.org\/{rel}","templated":true}]}}