{"id":108910,"date":"2024-10-24T10:39:11","date_gmt":"2024-10-24T14:39:11","guid":{"rendered":"https:\/\/pdirect.ca\/?post_type=product&#038;p=108910"},"modified":"2024-11-25T13:55:54","modified_gmt":"2024-11-25T18:55:54","slug":"planchers-1867-tuiles-de-plancher-apulia-or-poli-24-x-24-563201140p-6-99pi2","status":"publish","type":"product","link":"https:\/\/pdirect.ca\/en\/product\/planchers-1867-tuiles-de-plancher-apulia-or-poli-24-x-24-563201140p-6-99pi2\/","title":{"rendered":"Planchers 1867 Tuiles de plancher Apulia Or Poli 24&Prime; x 24&Prime; 563201140P"},"content":{"rendered":"<div class=\"product_summary_top\">\n<h1 class=\"product_title entry-title\">Apulia<\/h1>\n<h1 class=\"product_title entry-title\"><span class=\"NormalTextRun SCXW78065070 BCX8\" style=\"font-size: 16px\">C<\/span><span class=\"NormalTextRun SCXW78065070 BCX8\" style=\"font-size: 16px\">ette c\u00e9ramique de porcelaine peut \u00eatre install\u00e9e au sol ou\u00a0<\/span><span class=\"NormalTextRun SCXW78065070 BCX8\" style=\"font-size: 16px\">au<\/span><span class=\"NormalTextRun SCXW78065070 BCX8\" style=\"font-size: 16px\">\u00a0mur. Son effet marbre donnera une touche de modernisme \u00e0 votre pi\u00e8ce. Ajoutez de la luminosit\u00e9 \u00e0 votre demeure avec notre c\u00e9ramique\u00a0<\/span><span class=\"NormalTextRun SpellingErrorV2Themed SpellingErrorHighlight SCXW78065070 BCX8\" style=\"font-size: 16px\">Apulia<\/span><span class=\"NormalTextRun SCXW78065070 BCX8\" style=\"font-size: 16px\">!<\/span><\/h1>\n<\/div>\n<div class=\"woocommerce-product-details__short-description\">\n<p><img loading=\"lazy\" decoding=\"async\" class=\"alignnone wp-image-10522 size-medium\" src=\"https:\/\/www.planchers1867.com\/wp-content\/uploads\/2023\/04\/icone_campania-300x44.png\" alt=\"\" width=\"300\" height=\"44\" \/><\/p>\n<p>\u2022 Porcelaine<br \/>\n\u2022 \u00c9maill\u00e9e<br \/>\n\u2022 Rectifi\u00e9e<br \/>\n\u2022 Polie<\/p>\n<p><strong>boite de 15.5 pied carr\u00e9<\/strong><\/p>\n<\/div>","protected":false},"excerpt":{"rendered":"<div class=\"product_summary_top\">\n<h1 class=\"product_title entry-title\">Apulia<\/h1>\n<\/div>\n<div class=\"woocommerce-product-details__short-description\">\n<p><span class=\"TextRun SCXW78065070 BCX8\" lang=\"FR-CA\" xml:lang=\"FR-CA\" data-contrast=\"auto\"><span class=\"NormalTextRun SCXW78065070 BCX8\">C<\/span><span class=\"NormalTextRun SCXW78065070 BCX8\">ette c\u00e9ramique de porcelaine peut \u00eatre install\u00e9e au sol ou\u00a0<\/span><span class=\"NormalTextRun SCXW78065070 BCX8\">au<\/span><span class=\"NormalTextRun SCXW78065070 BCX8\">\u00a0mur. Son effet marbre donnera une touche de modernisme \u00e0 votre pi\u00e8ce. Ajoutez de la luminosit\u00e9 \u00e0 votre demeure avec notre c\u00e9ramique\u00a0<\/span><span class=\"NormalTextRun SpellingErrorV2Themed SpellingErrorHighlight SCXW78065070 BCX8\">Apulia<\/span><span class=\"NormalTextRun SCXW78065070 BCX8\">!<\/span><\/span><\/p>\n<p><img loading=\"lazy\" decoding=\"async\" class=\"alignnone wp-image-10522 size-medium\" src=\"https:\/\/www.planchers1867.com\/wp-content\/uploads\/2023\/04\/icone_campania-300x44.png\" alt=\"\" width=\"300\" height=\"44\" \/><\/p>\n<p>\u2022 Porcelaine<br \/>\n\u2022 \u00c9maill\u00e9e<br \/>\n\u2022 Rectifi\u00e9e<br \/>\n\u2022 Polie<\/p>\n<\/div>","protected":false},"featured_media":108911,"comment_status":"closed","ping_status":"closed","template":"","meta":{"rank_math_lock_modified_date":false},"product_cat":[118],"product_tag":[],"class_list":{"0":"post-108910","1":"product","2":"type-product","3":"status-publish","4":"has-post-thumbnail","6":"product_cat-24x24","7":"product_shipping_class-palette","9":"first","10":"instock","11":"taxable","12":"shipping-taxable","13":"purchasable","14":"product-type-simple"},"_links":{"self":[{"href":"https:\/\/pdirect.ca\/en\/wp-json\/wp\/v2\/product\/108910"}],"collection":[{"href":"https:\/\/pdirect.ca\/en\/wp-json\/wp\/v2\/product"}],"about":[{"href":"https:\/\/pdirect.ca\/en\/wp-json\/wp\/v2\/types\/product"}],"replies":[{"embeddable":true,"href":"https:\/\/pdirect.ca\/en\/wp-json\/wp\/v2\/comments?post=108910"}],"wp:featuredmedia":[{"embeddable":true,"href":"https:\/\/pdirect.ca\/en\/wp-json\/wp\/v2\/media\/108911"}],"wp:attachment":[{"href":"https:\/\/pdirect.ca\/en\/wp-json\/wp\/v2\/media?parent=108910"}],"wp:term":[{"taxonomy":"product_cat","embeddable":true,"href":"https:\/\/pdirect.ca\/en\/wp-json\/wp\/v2\/product_cat?post=108910"},{"taxonomy":"product_tag","embeddable":true,"href":"https:\/\/pdirect.ca\/en\/wp-json\/wp\/v2\/product_tag?post=108910"}],"curies":[{"name":"wp","href":"https:\/\/api.w.org\/{rel}","templated":true}]}}