{"id":109829,"date":"2025-02-13T09:28:51","date_gmt":"2025-02-13T14:28:51","guid":{"rendered":"https:\/\/pdirect.ca\/?post_type=product&#038;p=109829"},"modified":"2025-02-13T09:28:51","modified_gmt":"2025-02-13T14:28:51","slug":"impex-stone-ice-gray-coin","status":"publish","type":"product","link":"https:\/\/pdirect.ca\/en\/product\/impex-stone-ice-gray-coin\/","title":{"rendered":"Impex Stone Ice Gray Coin"},"content":{"rendered":"<h1>COIN ICE GRAY &#8211; 3.0 PI.LIN (5.8 PI2)<\/h1>\n<div><\/div>\n<div id=\"productRatingPartialContainer\"><\/div>\n<div><\/div>\n<div><\/div>\n<div>\n<div class=\"product-details-desc\">Ce produit doit \u00eatre install\u00e9 \u00e0 l&rsquo;int\u00e9rieur avec le mortier colle\u00a0<a href=\"https:\/\/www.impexstones.com\/adhesifs-et-mortiers\/mortier-colle-ltc-gris-lmortier-ltcgr\" rel=\"noopener\">LTC GRIS<\/a>.<\/p>\n<p>Avant d&rsquo;installer ce produit, veuillez consulter le Guide et le vid\u00e9o d&rsquo;installation disponible dans la section\u00a0<a href=\"https:\/\/www.impexstones.com\/installation\" rel=\"noopener\">Installation<\/a>. Vous pouvez \u00e9galement trouver des renseignements suppl\u00e9mentaires dans la section\u00a0<a href=\"https:\/\/www.impexstones.com\/faq\" rel=\"noopener\">FAQ<\/a>.<\/p>\n<h4>Tableau de sp\u00e9cifications<\/h4>\n<table width=\"50%\">\n<tbody>\n<tr>\n<td><strong>\u00a0Format<\/strong><\/td>\n<td>\u00a0<strong>\u00a0Imp\u00e9rial<\/strong><\/td>\n<td>\u00a0\u00a0<strong>M\u00e9trique<\/strong><\/td>\n<\/tr>\n<tr>\n<td>\u00a0 Hauteur<\/td>\n<td>\u00a0 5 7\/8<\/td>\n<td>\u00a0 150<\/td>\n<\/tr>\n<tr>\n<td>\u00a0 Longueur Morceau 1<\/td>\n<td>\u00a0\u00a05 7\/8<\/td>\n<td>\u00a0 150<\/td>\n<\/tr>\n<tr>\n<td>\u00a0 Longueur Morceau 2<\/td>\n<td>\u00a0\u00a017 3\/4<\/td>\n<td>\u00a0 450<\/td>\n<\/tr>\n<tr>\n<td>\u00a0 \u00c9paisseur<\/td>\n<td>\u00a0 3\/8\u00a0 \u00e0 3\/4<\/td>\n<td>\u00a0 10 \u00e0 20<\/td>\n<\/tr>\n<tr>\n<td>\u00a0 Poids<\/td>\n<td>\u00a0 40 lbs<\/td>\n<td>\u00a0 18 kg<\/td>\n<\/tr>\n<tr>\n<td>\u00a0 Pi.lin. et Pi<sup>2<\/sup>\u00a0\/ Bte<\/td>\n<td>\u00a0 3 pi.li &#8211; 5,8 pi<sup>2<\/sup><\/td>\n<td>\u00a0 0,91 m &#8211; 0,54 m<sup>2<\/sup><\/td>\n<\/tr>\n<tr>\n<td>\u00a0 Nbr coins \/ Bte<\/td>\n<td>\u00a0 6<\/td>\n<td>\u00a0 6<\/td>\n<\/tr>\n<\/tbody>\n<\/table>\n<\/div>\n<\/div>","protected":false},"excerpt":{"rendered":"<h1>COIN ICE GRAY &#8211; 3.0 PI.LIN (5.8 PI2)<\/h1>\n<div><\/div>\n<div id=\"productRatingPartialContainer\"><\/div>\n<div><\/div>\n<div><\/div>\n<div>\n<div class=\"product-details-desc\">Ce produit doit \u00eatre install\u00e9 \u00e0 l&rsquo;int\u00e9rieur avec le mortier colle\u00a0<a href=\"https:\/\/www.impexstones.com\/adhesifs-et-mortiers\/mortier-colle-ltc-gris-lmortier-ltcgr\">LTC GRIS<\/a>.<\/p>\n<p>Avant d&rsquo;installer ce produit, veuillez consulter le Guide et le vid\u00e9o d&rsquo;installation disponible dans la section\u00a0<a href=\"https:\/\/www.impexstones.com\/installation\">Installation<\/a>. Vous pouvez \u00e9galement trouver des renseignements suppl\u00e9mentaires dans la section\u00a0<a href=\"https:\/\/www.impexstones.com\/faq\">FAQ<\/a>.<\/p>\n<h4>Tableau de sp\u00e9cifications<\/h4>\n<table width=\"50%\">\n<tbody>\n<tr>\n<td><strong>\u00a0Format<\/strong><\/td>\n<td>\u00a0<strong>\u00a0Imp\u00e9rial<\/strong><\/td>\n<td>\u00a0\u00a0<strong>M\u00e9trique<\/strong><\/td>\n<\/tr>\n<tr>\n<td>\u00a0 Hauteur<\/td>\n<td>\u00a0 5 7\/8<\/td>\n<td>\u00a0 150<\/td>\n<\/tr>\n<tr>\n<td>\u00a0 Longueur Morceau 1<\/td>\n<td>\u00a0\u00a05 7\/8<\/td>\n<td>\u00a0 150<\/td>\n<\/tr>\n<tr>\n<td>\u00a0 Longueur Morceau 2<\/td>\n<td>\u00a0\u00a017 3\/4<\/td>\n<td>\u00a0 450<\/td>\n<\/tr>\n<tr>\n<td>\u00a0 \u00c9paisseur<\/td>\n<td>\u00a0 3\/8\u00a0 \u00e0 3\/4<\/td>\n<td>\u00a0 10 \u00e0 20<\/td>\n<\/tr>\n<tr>\n<td>\u00a0 Poids<\/td>\n<td>\u00a0 40 lbs<\/td>\n<td>\u00a0 18 kg<\/td>\n<\/tr>\n<tr>\n<td>\u00a0 Pi.lin. et Pi<sup>2<\/sup>\u00a0\/ Bte<\/td>\n<td>\u00a0 3 pi.li &#8211; 5,8 pi<sup>2<\/sup><\/td>\n<td>\u00a0 0,91 m &#8211; 0,54 m<sup>2<\/sup><\/td>\n<\/tr>\n<tr>\n<td>\u00a0 Nbr coins \/ Bte<\/td>\n<td>\u00a0 6<\/td>\n<td>\u00a0 6<\/td>\n<\/tr>\n<\/tbody>\n<\/table>\n<\/div>\n<\/div>","protected":false},"featured_media":109830,"comment_status":"closed","ping_status":"closed","template":"","meta":{"rank_math_lock_modified_date":false},"product_cat":[109],"product_tag":[],"class_list":{"0":"post-109829","1":"product","2":"type-product","3":"status-publish","4":"has-post-thumbnail","6":"product_cat-pierre-naturel","7":"product_shipping_class-palette","9":"first","10":"instock","11":"taxable","12":"shipping-taxable","13":"purchasable","14":"product-type-simple"},"_links":{"self":[{"href":"https:\/\/pdirect.ca\/en\/wp-json\/wp\/v2\/product\/109829"}],"collection":[{"href":"https:\/\/pdirect.ca\/en\/wp-json\/wp\/v2\/product"}],"about":[{"href":"https:\/\/pdirect.ca\/en\/wp-json\/wp\/v2\/types\/product"}],"replies":[{"embeddable":true,"href":"https:\/\/pdirect.ca\/en\/wp-json\/wp\/v2\/comments?post=109829"}],"wp:featuredmedia":[{"embeddable":true,"href":"https:\/\/pdirect.ca\/en\/wp-json\/wp\/v2\/media\/109830"}],"wp:attachment":[{"href":"https:\/\/pdirect.ca\/en\/wp-json\/wp\/v2\/media?parent=109829"}],"wp:term":[{"taxonomy":"product_cat","embeddable":true,"href":"https:\/\/pdirect.ca\/en\/wp-json\/wp\/v2\/product_cat?post=109829"},{"taxonomy":"product_tag","embeddable":true,"href":"https:\/\/pdirect.ca\/en\/wp-json\/wp\/v2\/product_tag?post=109829"}],"curies":[{"name":"wp","href":"https:\/\/api.w.org\/{rel}","templated":true}]}}