{"id":109842,"date":"2025-02-13T10:21:00","date_gmt":"2025-02-13T15:21:00","guid":{"rendered":"https:\/\/pdirect.ca\/?post_type=product&#038;p=109842"},"modified":"2025-02-13T10:21:00","modified_gmt":"2025-02-13T15:21:00","slug":"impex-stone-quartzite-noir","status":"publish","type":"product","link":"https:\/\/pdirect.ca\/en\/product\/impex-stone-quartzite-noir\/","title":{"rendered":"Impex Stone Quartzite Noir"},"content":{"rendered":"<h1>QUARTZITE NOIRE &#8211; 6.7 PI2<\/h1>\n<div><\/div>\n<div id=\"productRatingPartialContainer\"><\/div>\n<div><\/div>\n<div><\/div>\n<div>\n<div class=\"product-details-desc\">Ce produit doit \u00eatre install\u00e9 \u00e0 l&rsquo;int\u00e9rieur avec le mortier colle\u00a0<a href=\"https:\/\/www.impexstones.com\/adhesifs-et-mortiers\/mortier-colle-ltc-gris-lmortier-ltcgr\" rel=\"noopener\">LTC GRIS<\/a>.\u00a0Ce produit peut \u00eatre install\u00e9 \u00e0 l&rsquo;ext\u00e9rieur avec le mortier colle\u00a0<a href=\"https:\/\/www.impexstones.com\/adhesifs-et-mortiers\/mortier-colle-masson-bond-lbond\" rel=\"noopener\">MASON BOND<\/a>.<\/p>\n<p>Avant d&rsquo;installer ce produit, veuillez consulter le Guide et le vid\u00e9o d&rsquo;installation disponible dans la section\u00a0<a href=\"https:\/\/www.impexstones.com\/installation\" rel=\"noopener\">Installation<\/a>. Vous pouvez \u00e9galement trouver des renseignements suppl\u00e9mentaires dans la section\u00a0<a href=\"https:\/\/www.impexstones.com\/faq\" rel=\"noopener\">FAQ<\/a>.<\/p>\n<h4>Tableau de sp\u00e9cifications<\/h4>\n<table width=\"50%\">\n<tbody>\n<tr>\n<td><strong>\u00a0Format<\/strong><\/td>\n<td>\u00a0<strong>\u00a0Imp\u00e9rial<\/strong><\/td>\n<td>\u00a0\u00a0<strong>M\u00e9trique<\/strong><\/td>\n<\/tr>\n<tr>\n<td>\u00a0 Hauteur<\/td>\n<td>\u00a0 5 7\/8<\/td>\n<td>\u00a0 150<\/td>\n<\/tr>\n<tr>\n<td>\u00a0 Longueur<\/td>\n<td>\u00a0\u00a023 5\/8<\/td>\n<td>\u00a0 600<\/td>\n<\/tr>\n<tr>\n<td>\u00a0 \u00c9paisseur<\/td>\n<td>\u00a0\u00a03\/8 \u00e0 1 1\/2<\/td>\n<td>\u00a0 10 \u00e0 40<\/td>\n<\/tr>\n<tr>\n<td>\u00a0 Poids<\/td>\n<td>\u00a0 60 lbs<\/td>\n<td>\u00a0 28 kg<\/td>\n<\/tr>\n<tr>\n<td>\u00a0 Pi<sup>2<\/sup>\u00a0\/ Bte<\/td>\n<td>\u00a0 6,7 pi<sup>2<\/sup><\/td>\n<td>\u00a0 0,63 m<sup>2<\/sup><\/td>\n<\/tr>\n<tr>\n<td>\u00a0 Nbr mrx \/ Bte<\/td>\n<td>\u00a0 7<\/td>\n<td>\u00a0 7<\/td>\n<\/tr>\n<\/tbody>\n<\/table>\n<\/div>\n<\/div>","protected":false},"excerpt":{"rendered":"<h1>QUARTZITE NOIRE &#8211; 6.7 PI2<\/h1>\n<div><\/div>\n<div id=\"productRatingPartialContainer\"><\/div>\n<div><\/div>\n<div><\/div>\n<div>\n<div class=\"product-details-desc\">Ce produit doit \u00eatre install\u00e9 \u00e0 l&rsquo;int\u00e9rieur avec le mortier colle\u00a0<a href=\"https:\/\/www.impexstones.com\/adhesifs-et-mortiers\/mortier-colle-ltc-gris-lmortier-ltcgr\">LTC GRIS<\/a>.\u00a0Ce produit peut \u00eatre install\u00e9 \u00e0 l&rsquo;ext\u00e9rieur avec le mortier colle\u00a0<a href=\"https:\/\/www.impexstones.com\/adhesifs-et-mortiers\/mortier-colle-masson-bond-lbond\">MASON BOND<\/a>.<\/p>\n<p>Avant d&rsquo;installer ce produit, veuillez consulter le Guide et le vid\u00e9o d&rsquo;installation disponible dans la section\u00a0<a href=\"https:\/\/www.impexstones.com\/installation\">Installation<\/a>. Vous pouvez \u00e9galement trouver des renseignements suppl\u00e9mentaires dans la section\u00a0<a href=\"https:\/\/www.impexstones.com\/faq\">FAQ<\/a>.<\/p>\n<h4>Tableau de sp\u00e9cifications<\/h4>\n<table width=\"50%\">\n<tbody>\n<tr>\n<td><strong>\u00a0Format<\/strong><\/td>\n<td>\u00a0<strong>\u00a0Imp\u00e9rial<\/strong><\/td>\n<td>\u00a0\u00a0<strong>M\u00e9trique<\/strong><\/td>\n<\/tr>\n<tr>\n<td>\u00a0 Hauteur<\/td>\n<td>\u00a0 5 7\/8<\/td>\n<td>\u00a0 150<\/td>\n<\/tr>\n<tr>\n<td>\u00a0 Longueur<\/td>\n<td>\u00a0\u00a023 5\/8<\/td>\n<td>\u00a0 600<\/td>\n<\/tr>\n<tr>\n<td>\u00a0 \u00c9paisseur<\/td>\n<td>\u00a0\u00a03\/8 \u00e0 1 1\/2<\/td>\n<td>\u00a0 10 \u00e0 40<\/td>\n<\/tr>\n<tr>\n<td>\u00a0 Poids<\/td>\n<td>\u00a0 60 lbs<\/td>\n<td>\u00a0 28 kg<\/td>\n<\/tr>\n<tr>\n<td>\u00a0 Pi<sup>2<\/sup>\u00a0\/ Bte<\/td>\n<td>\u00a0 6,7 pi<sup>2<\/sup><\/td>\n<td>\u00a0 0,63 m<sup>2<\/sup><\/td>\n<\/tr>\n<tr>\n<td>\u00a0 Nbr mrx \/ Bte<\/td>\n<td>\u00a0 7<\/td>\n<td>\u00a0 7<\/td>\n<\/tr>\n<\/tbody>\n<\/table>\n<\/div>\n<\/div>","protected":false},"featured_media":109843,"comment_status":"closed","ping_status":"closed","template":"","meta":{"rank_math_lock_modified_date":false},"product_cat":[109],"product_tag":[],"class_list":{"0":"post-109842","1":"product","2":"type-product","3":"status-publish","4":"has-post-thumbnail","6":"product_cat-pierre-naturel","7":"product_shipping_class-palette","9":"first","10":"instock","11":"taxable","12":"shipping-taxable","13":"purchasable","14":"product-type-simple"},"_links":{"self":[{"href":"https:\/\/pdirect.ca\/en\/wp-json\/wp\/v2\/product\/109842"}],"collection":[{"href":"https:\/\/pdirect.ca\/en\/wp-json\/wp\/v2\/product"}],"about":[{"href":"https:\/\/pdirect.ca\/en\/wp-json\/wp\/v2\/types\/product"}],"replies":[{"embeddable":true,"href":"https:\/\/pdirect.ca\/en\/wp-json\/wp\/v2\/comments?post=109842"}],"wp:featuredmedia":[{"embeddable":true,"href":"https:\/\/pdirect.ca\/en\/wp-json\/wp\/v2\/media\/109843"}],"wp:attachment":[{"href":"https:\/\/pdirect.ca\/en\/wp-json\/wp\/v2\/media?parent=109842"}],"wp:term":[{"taxonomy":"product_cat","embeddable":true,"href":"https:\/\/pdirect.ca\/en\/wp-json\/wp\/v2\/product_cat?post=109842"},{"taxonomy":"product_tag","embeddable":true,"href":"https:\/\/pdirect.ca\/en\/wp-json\/wp\/v2\/product_tag?post=109842"}],"curies":[{"name":"wp","href":"https:\/\/api.w.org\/{rel}","templated":true}]}}