{"id":109848,"date":"2025-02-13T10:33:51","date_gmt":"2025-02-13T15:33:51","guid":{"rendered":"https:\/\/pdirect.ca\/?post_type=product&#038;p=109848"},"modified":"2025-02-13T10:33:52","modified_gmt":"2025-02-13T15:33:52","slug":"impex-stone-coin-tornade-3-0-pi-lin-5-8-pi2","status":"publish","type":"product","link":"https:\/\/pdirect.ca\/en\/product\/impex-stone-coin-tornade-3-0-pi-lin-5-8-pi2\/","title":{"rendered":"Impex Stone Coin Tornade &#8211; 3.0 Pi.Lin (5.8 PI2)"},"content":{"rendered":"<h1>COIN TORNADE &#8211; 3.0 PI.LIN (5.8 PI2)<\/h1>\n<div><\/div>\n<div id=\"productRatingPartialContainer\"><\/div>\n<div><\/div>\n<div><\/div>\n<div>\n<div class=\"product-details-desc\">Ce produit doit \u00eatre coll\u00e9 avec le mortier colle\u00a0<a href=\"https:\/\/www.impexstones.com\/adhesifs-et-mortiers\/mortier-colle-ltc-gris-lmortier-ltcgr\" rel=\"noopener\">LTC GRIS<\/a>\u00a0\u00e0 l&rsquo;int\u00e9rieur.<\/p>\n<p>L\u2019oxydation de l\u2019ardoise est un ph\u00e9nom\u00e8ne naturel pourraient en \u00eatre affect\u00e9es si elles sont en contact avec l\u2019humidit\u00e9. Afin d\u2019en r\u00e9duire les effets, un scellant pourrait retarder ou att\u00e9nuer ce ph\u00e9nom\u00e8ne.<br \/>\nImpex Stone ne peut en aucun temps \u00eatre tenu responsable de ce processus naturel.<\/p>\n<p>Avant d&rsquo;installer ce produit, veuillez consulter le Guide et le vid\u00e9o d&rsquo;installation disponible dans la section\u00a0<a href=\"https:\/\/www.impexstones.com\/installation\" rel=\"noopener\">Installation<\/a>. Vous pouvez \u00e9galement trouver des renseignements suppl\u00e9mentaires dans la section\u00a0<a href=\"https:\/\/www.impexstones.com\/faq\" rel=\"noopener\">FAQ<\/a>.<\/p>\n<h4>Table des Sp\u00e9cification<\/h4>\n<table width=\"50%\">\n<tbody>\n<tr>\n<td><strong>\u00a0Format<\/strong><\/td>\n<td>\u00a0<strong>\u00a0Imp\u00e9rial<\/strong><\/td>\n<td>\u00a0\u00a0<strong>M\u00e9trique<\/strong><\/td>\n<\/tr>\n<tr>\n<td>\u00a0 Hauteur<\/td>\n<td>\u00a0 5 7\/8<\/td>\n<td>\u00a0 150<\/td>\n<\/tr>\n<tr>\n<td>\u00a0 Coin 1 &#8211; Longueur<\/td>\n<td>\u00a0 5 7\/8<\/td>\n<td>\u00a0 150<\/td>\n<\/tr>\n<tr>\n<td>\u00a0 Coin 5 &#8211; Longueur<\/td>\n<td>\u00a0\u00a017 3\/4<\/td>\n<td>\u00a0 450<\/td>\n<\/tr>\n<tr>\n<td>\u00a0 \u00c9paisseur<\/td>\n<td>\u00a0 3\/8 \u00e0 3\/4<\/td>\n<td>\u00a0 10 \u00e0 20<\/td>\n<\/tr>\n<tr>\n<td>\u00a0 Poids<\/td>\n<td>\u00a0 42 lbs<\/td>\n<td>\u00a0 19 kg<\/td>\n<\/tr>\n<tr>\n<td>\u00a0 Pi.Lin. et pi<sup>2<\/sup>\u00a0\/ Bte<\/td>\n<td>\u00a0 3,0 Pi.Lin &#8211; 5,8 pi<sup>2<\/sup><\/td>\n<td>\u00a0 0,95 m &#8211; 0,54 m<sup>2<\/sup><\/td>\n<\/tr>\n<tr>\n<td>\u00a0 Qt\u00e9 \/ Bte<\/td>\n<td>\u00a0 6<\/td>\n<td>\u00a0 6<\/td>\n<\/tr>\n<\/tbody>\n<\/table>\n<\/div>\n<\/div>","protected":false},"excerpt":{"rendered":"<h1>COIN TORNADE &#8211; 3.0 PI.LIN (5.8 PI2)<\/h1>\n<div><\/div>\n<div id=\"productRatingPartialContainer\"><\/div>\n<div><\/div>\n<div><\/div>\n<div>\n<div class=\"product-details-desc\">Ce produit doit \u00eatre coll\u00e9 avec le mortier colle\u00a0<a href=\"https:\/\/www.impexstones.com\/adhesifs-et-mortiers\/mortier-colle-ltc-gris-lmortier-ltcgr\">LTC GRIS<\/a>\u00a0\u00e0 l&rsquo;int\u00e9rieur.<\/p>\n<p>L\u2019oxydation de l\u2019ardoise est un ph\u00e9nom\u00e8ne naturel pourraient en \u00eatre affect\u00e9es si elles sont en contact avec l\u2019humidit\u00e9. Afin d\u2019en r\u00e9duire les effets, un scellant pourrait retarder ou att\u00e9nuer ce ph\u00e9nom\u00e8ne.<br \/>\nImpex Stone ne peut en aucun temps \u00eatre tenu responsable de ce processus naturel.<\/p>\n<p>Avant d&rsquo;installer ce produit, veuillez consulter le Guide et le vid\u00e9o d&rsquo;installation disponible dans la section\u00a0<a href=\"https:\/\/www.impexstones.com\/installation\">Installation<\/a>. Vous pouvez \u00e9galement trouver des renseignements suppl\u00e9mentaires dans la section\u00a0<a href=\"https:\/\/www.impexstones.com\/faq\">FAQ<\/a>.<\/p>\n<h4>Table des Sp\u00e9cification<\/h4>\n<table width=\"50%\">\n<tbody>\n<tr>\n<td><strong>\u00a0Format<\/strong><\/td>\n<td>\u00a0<strong>\u00a0Imp\u00e9rial<\/strong><\/td>\n<td>\u00a0\u00a0<strong>M\u00e9trique<\/strong><\/td>\n<\/tr>\n<tr>\n<td>\u00a0 Hauteur<\/td>\n<td>\u00a0 5 7\/8<\/td>\n<td>\u00a0 150<\/td>\n<\/tr>\n<tr>\n<td>\u00a0 Coin 1 &#8211; Longueur<\/td>\n<td>\u00a0 5 7\/8<\/td>\n<td>\u00a0 150<\/td>\n<\/tr>\n<tr>\n<td>\u00a0 Coin 5 &#8211; Longueur<\/td>\n<td>\u00a0\u00a017 3\/4<\/td>\n<td>\u00a0 450<\/td>\n<\/tr>\n<tr>\n<td>\u00a0 \u00c9paisseur<\/td>\n<td>\u00a0 3\/8 \u00e0 3\/4<\/td>\n<td>\u00a0 10 \u00e0 20<\/td>\n<\/tr>\n<tr>\n<td>\u00a0 Poids<\/td>\n<td>\u00a0 42 lbs<\/td>\n<td>\u00a0 19 kg<\/td>\n<\/tr>\n<tr>\n<td>\u00a0 Pi.Lin. et pi<sup>2<\/sup>\u00a0\/ Bte<\/td>\n<td>\u00a0 3,0 Pi.Lin &#8211; 5,8 pi<sup>2<\/sup><\/td>\n<td>\u00a0 0,95 m &#8211; 0,54 m<sup>2<\/sup><\/td>\n<\/tr>\n<tr>\n<td>\u00a0 Qt\u00e9 \/ Bte<\/td>\n<td>\u00a0 6<\/td>\n<td>\u00a0 6<\/td>\n<\/tr>\n<\/tbody>\n<\/table>\n<\/div>\n<\/div>","protected":false},"featured_media":109849,"comment_status":"closed","ping_status":"closed","template":"","meta":{"rank_math_lock_modified_date":false},"product_cat":[109],"product_tag":[],"class_list":{"0":"post-109848","1":"product","2":"type-product","3":"status-publish","4":"has-post-thumbnail","6":"product_cat-pierre-naturel","7":"product_shipping_class-palette","9":"first","10":"instock","11":"taxable","12":"shipping-taxable","13":"purchasable","14":"product-type-simple"},"_links":{"self":[{"href":"https:\/\/pdirect.ca\/en\/wp-json\/wp\/v2\/product\/109848"}],"collection":[{"href":"https:\/\/pdirect.ca\/en\/wp-json\/wp\/v2\/product"}],"about":[{"href":"https:\/\/pdirect.ca\/en\/wp-json\/wp\/v2\/types\/product"}],"replies":[{"embeddable":true,"href":"https:\/\/pdirect.ca\/en\/wp-json\/wp\/v2\/comments?post=109848"}],"wp:featuredmedia":[{"embeddable":true,"href":"https:\/\/pdirect.ca\/en\/wp-json\/wp\/v2\/media\/109849"}],"wp:attachment":[{"href":"https:\/\/pdirect.ca\/en\/wp-json\/wp\/v2\/media?parent=109848"}],"wp:term":[{"taxonomy":"product_cat","embeddable":true,"href":"https:\/\/pdirect.ca\/en\/wp-json\/wp\/v2\/product_cat?post=109848"},{"taxonomy":"product_tag","embeddable":true,"href":"https:\/\/pdirect.ca\/en\/wp-json\/wp\/v2\/product_tag?post=109848"}],"curies":[{"name":"wp","href":"https:\/\/api.w.org\/{rel}","templated":true}]}}