{"id":109853,"date":"2025-02-13T11:54:20","date_gmt":"2025-02-13T16:54:20","guid":{"rendered":"https:\/\/pdirect.ca\/?post_type=product&#038;p=109853"},"modified":"2025-05-07T11:08:56","modified_gmt":"2025-05-07T15:08:56","slug":"drexma-mysa-premium","status":"publish","type":"product","link":"https:\/\/pdirect.ca\/en\/product\/drexma-mysa-premium\/","title":{"rendered":"Oj electronics Utn5-4999"},"content":{"rendered":"<ul>\n<li><b>Design \u00e9l\u00e9gant avec une surface propre et ininterrompue<\/b><\/li>\n<li><b>\u00c9cran tactile avec lumi\u00e8re LED<\/b><\/li>\n<li><b>Configuration intuitive avec assistant<\/b><\/li>\n<li><b>Facile \u00e0 installer. Facile \u00e0 utiliser<\/b><\/li>\n<li><strong>Utilisez un capteur int\u00e9gr\u00e9 pour le contr\u00f4le de la temp\u00e9rature ambiante\u00a0<\/strong><strong>&#8211; ou un capteur de sol pour le contr\u00f4le de la temp\u00e9rature du sol<\/strong><\/li>\n<li><strong>Le mode sans capteur permet la r\u00e9gulation sans utiliser de capteur d\u2019ambiance ou de\u00a0<\/strong><strong>sol<\/strong><\/li>\n<li><strong>Protection contre la temp\u00e9rature du sol : convient aux sols en carrelage, stratifi\u00e9\u00a0<\/strong><strong>et en bois<\/strong><\/li>\n<li><strong>\u00c9chelle de temp\u00e9rature en Fahrenheit ou Celsius<\/strong><\/li>\n<li><strong>Prend en charge les modules d\u2019alimentation d\u2019extension<\/strong><\/li>\n<li><strong>Antigel<\/strong><\/li>\n<li><strong>Plage de consigne limit\u00e9e pour simplifier l\u2019utilisation pour l\u2019utilisateur<\/strong><\/li>\n<li><strong>Bouton de veille sur le c\u00f4t\u00e9 pour une interaction simple et directe<\/strong><\/li>\n<\/ul>","protected":false},"excerpt":{"rendered":"<ul>\n<li><b>Design \u00e9l\u00e9gant avec une surface propre et ininterrompue<\/b><\/li>\n<li><b>\u00c9cran tactile avec lumi\u00e8re LED<\/b><\/li>\n<li><b>Configuration intuitive avec assistant<\/b><\/li>\n<li><b>Facile \u00e0 installer. Facile \u00e0 utiliser<\/b><\/li>\n<li><strong>Utilisez un capteur int\u00e9gr\u00e9 pour le contr\u00f4le de la temp\u00e9rature ambiante\u00a0<\/strong><strong>&#8211; ou un capteur de sol pour le contr\u00f4le de la temp\u00e9rature du sol<\/strong><\/li>\n<li><strong>Le mode sans capteur permet la r\u00e9gulation sans utiliser de capteur d\u2019ambiance ou de\u00a0<\/strong><strong>sol<\/strong><\/li>\n<li><strong>Protection contre la temp\u00e9rature du sol : convient aux sols en carrelage, stratifi\u00e9\u00a0<\/strong><strong>et en bois<\/strong><\/li>\n<li><strong>\u00c9chelle de temp\u00e9rature en Fahrenheit ou Celsius<\/strong><\/li>\n<li><strong>Prend en charge les modules d\u2019alimentation d\u2019extension<\/strong><\/li>\n<li><strong>Antigel<\/strong><\/li>\n<li><strong>Plage de consigne limit\u00e9e pour simplifier l\u2019utilisation pour l\u2019utilisateur<\/strong><\/li>\n<li><strong>Bouton de veille sur le c\u00f4t\u00e9 pour une interaction simple et directe<\/strong><\/li>\n<\/ul>","protected":false},"featured_media":110199,"comment_status":"closed","ping_status":"closed","template":"","meta":{"rank_math_lock_modified_date":false},"product_cat":[147],"product_tag":[],"class_list":{"0":"post-109853","1":"product","2":"type-product","3":"status-publish","4":"has-post-thumbnail","6":"product_cat-plancher-chauffant","7":"product_shipping_class-palette","9":"first","10":"instock","11":"taxable","12":"shipping-taxable","13":"purchasable","14":"product-type-simple"},"_links":{"self":[{"href":"https:\/\/pdirect.ca\/en\/wp-json\/wp\/v2\/product\/109853"}],"collection":[{"href":"https:\/\/pdirect.ca\/en\/wp-json\/wp\/v2\/product"}],"about":[{"href":"https:\/\/pdirect.ca\/en\/wp-json\/wp\/v2\/types\/product"}],"replies":[{"embeddable":true,"href":"https:\/\/pdirect.ca\/en\/wp-json\/wp\/v2\/comments?post=109853"}],"wp:featuredmedia":[{"embeddable":true,"href":"https:\/\/pdirect.ca\/en\/wp-json\/wp\/v2\/media\/110199"}],"wp:attachment":[{"href":"https:\/\/pdirect.ca\/en\/wp-json\/wp\/v2\/media?parent=109853"}],"wp:term":[{"taxonomy":"product_cat","embeddable":true,"href":"https:\/\/pdirect.ca\/en\/wp-json\/wp\/v2\/product_cat?post=109853"},{"taxonomy":"product_tag","embeddable":true,"href":"https:\/\/pdirect.ca\/en\/wp-json\/wp\/v2\/product_tag?post=109853"}],"curies":[{"name":"wp","href":"https:\/\/api.w.org\/{rel}","templated":true}]}}