{"id":109904,"date":"2025-02-27T10:56:43","date_gmt":"2025-02-27T15:56:43","guid":{"rendered":"https:\/\/pdirect.ca\/?post_type=product&#038;p=109904"},"modified":"2025-02-27T10:56:44","modified_gmt":"2025-02-27T15:56:44","slug":"coulis-permacolor-53-bleu-crepuscule-8lbs","status":"publish","type":"product","link":"https:\/\/pdirect.ca\/en\/product\/coulis-permacolor-53-bleu-crepuscule-8lbs\/","title":{"rendered":"Coulis Permacolor 53 Bleu Cr\u00e9puscule 8lbs"},"content":{"rendered":"<p>Formul\u00e9 \u00e0 partir d\u2019un m\u00e9lange de ciment Portland \u00e0 haute r\u00e9sistance et de polym\u00e8res. Assure un joint de coulis dense, dur et durable dans une multitude de couleurs.<\/p>\n<p>couvre entre 80 et 150 pied carr\u00e9<\/p>","protected":false},"excerpt":{"rendered":"<p>Formul\u00e9 \u00e0 partir d\u2019un m\u00e9lange de ciment Portland \u00e0 haute r\u00e9sistance et de polym\u00e8res. Assure un joint de coulis dense, dur et durable dans une multitude de couleurs.<\/p>\n<p>couvre entre 80 et 150 pied carr\u00e9<\/p>","protected":false},"featured_media":109903,"comment_status":"closed","ping_status":"closed","template":"","meta":{"rank_math_lock_modified_date":false},"product_cat":[150],"product_tag":[],"class_list":{"0":"post-109904","1":"product","2":"type-product","3":"status-publish","4":"has-post-thumbnail","6":"product_cat-coulis","7":"product_shipping_class-palette","9":"first","10":"instock","11":"taxable","12":"shipping-taxable","13":"purchasable","14":"product-type-simple"},"_links":{"self":[{"href":"https:\/\/pdirect.ca\/en\/wp-json\/wp\/v2\/product\/109904"}],"collection":[{"href":"https:\/\/pdirect.ca\/en\/wp-json\/wp\/v2\/product"}],"about":[{"href":"https:\/\/pdirect.ca\/en\/wp-json\/wp\/v2\/types\/product"}],"replies":[{"embeddable":true,"href":"https:\/\/pdirect.ca\/en\/wp-json\/wp\/v2\/comments?post=109904"}],"wp:featuredmedia":[{"embeddable":true,"href":"https:\/\/pdirect.ca\/en\/wp-json\/wp\/v2\/media\/109903"}],"wp:attachment":[{"href":"https:\/\/pdirect.ca\/en\/wp-json\/wp\/v2\/media?parent=109904"}],"wp:term":[{"taxonomy":"product_cat","embeddable":true,"href":"https:\/\/pdirect.ca\/en\/wp-json\/wp\/v2\/product_cat?post=109904"},{"taxonomy":"product_tag","embeddable":true,"href":"https:\/\/pdirect.ca\/en\/wp-json\/wp\/v2\/product_tag?post=109904"}],"curies":[{"name":"wp","href":"https:\/\/api.w.org\/{rel}","templated":true}]}}