{"id":109924,"date":"2025-02-27T11:52:15","date_gmt":"2025-02-27T16:52:15","guid":{"rendered":"https:\/\/pdirect.ca\/?post_type=product&#038;p=109924"},"modified":"2025-02-27T11:52:15","modified_gmt":"2025-02-27T16:52:15","slug":"coulis-permacolor-44-blanc-vif-25lbs","status":"publish","type":"product","link":"https:\/\/pdirect.ca\/en\/product\/coulis-permacolor-44-blanc-vif-25lbs\/","title":{"rendered":"Coulis Permacolor 44 Blanc Vif 25lbs"},"content":{"rendered":"<p>Formul\u00e9 \u00e0 partir d\u2019un m\u00e9lange de ciment Portland \u00e0 haute r\u00e9sistance et de polym\u00e8res. Assure un joint de coulis dense, dur et durable dans une multitude de couleurs.<\/p>\n<p>couvre entre 250 et 300 pied carr\u00e9<\/p>","protected":false},"excerpt":{"rendered":"<p>Formul\u00e9 \u00e0 partir d\u2019un m\u00e9lange de ciment Portland \u00e0 haute r\u00e9sistance et de polym\u00e8res. Assure un joint de coulis dense, dur et durable dans une multitude de couleurs.<\/p>\n<p>couvre entre 250 et 300 pied carr\u00e9<\/p>","protected":false},"featured_media":109925,"comment_status":"closed","ping_status":"closed","template":"","meta":{"rank_math_lock_modified_date":false},"product_cat":[150],"product_tag":[],"class_list":{"0":"post-109924","1":"product","2":"type-product","3":"status-publish","4":"has-post-thumbnail","6":"product_cat-coulis","7":"product_shipping_class-palette","9":"first","10":"instock","11":"taxable","12":"shipping-taxable","13":"purchasable","14":"product-type-simple"},"_links":{"self":[{"href":"https:\/\/pdirect.ca\/en\/wp-json\/wp\/v2\/product\/109924"}],"collection":[{"href":"https:\/\/pdirect.ca\/en\/wp-json\/wp\/v2\/product"}],"about":[{"href":"https:\/\/pdirect.ca\/en\/wp-json\/wp\/v2\/types\/product"}],"replies":[{"embeddable":true,"href":"https:\/\/pdirect.ca\/en\/wp-json\/wp\/v2\/comments?post=109924"}],"wp:featuredmedia":[{"embeddable":true,"href":"https:\/\/pdirect.ca\/en\/wp-json\/wp\/v2\/media\/109925"}],"wp:attachment":[{"href":"https:\/\/pdirect.ca\/en\/wp-json\/wp\/v2\/media?parent=109924"}],"wp:term":[{"taxonomy":"product_cat","embeddable":true,"href":"https:\/\/pdirect.ca\/en\/wp-json\/wp\/v2\/product_cat?post=109924"},{"taxonomy":"product_tag","embeddable":true,"href":"https:\/\/pdirect.ca\/en\/wp-json\/wp\/v2\/product_tag?post=109924"}],"curies":[{"name":"wp","href":"https:\/\/api.w.org\/{rel}","templated":true}]}}