{"id":110028,"date":"2025-03-07T10:54:18","date_gmt":"2025-03-07T15:54:18","guid":{"rendered":"https:\/\/pdirect.ca\/?post_type=product&#038;p=110028"},"modified":"2025-03-07T10:54:18","modified_gmt":"2025-03-07T15:54:18","slug":"aquila-7x48-planche-clic-5-5mm-avec-sous-couche-nurture","status":"publish","type":"product","link":"https:\/\/pdirect.ca\/en\/product\/aquila-7x48-planche-clic-5-5mm-avec-sous-couche-nurture\/","title":{"rendered":"Aquila 7&Prime;x48&Prime; Planche Clic 5.5mm avec sous-couche Nurture"},"content":{"rendered":"<p>Les planches de 7 po x 48 po, faciles \u00e0 installer, apportent une couverture rapide \u00e0 n\u2019importe quelle application. Leurs caract\u00e9ristiques 100 % imperm\u00e9ables et antimicrobiennes en font un rev\u00eatement de sol id\u00e9al pour les cuisines et les salles de bain.<\/p>","protected":false},"excerpt":{"rendered":"<p>Les planches de 7 po x 48 po, faciles \u00e0 installer, apportent une couverture rapide \u00e0 n\u2019importe quelle application. Leurs caract\u00e9ristiques 100 % imperm\u00e9ables et antimicrobiennes en font un rev\u00eatement de sol id\u00e9al pour les cuisines et les salles de bain.<\/p>","protected":false},"featured_media":110029,"comment_status":"closed","ping_status":"closed","template":"","meta":{"rank_math_lock_modified_date":false},"product_cat":[141],"product_tag":[],"class_list":{"0":"post-110028","1":"product","2":"type-product","3":"status-publish","4":"has-post-thumbnail","6":"product_cat-vinyle-clic","7":"product_shipping_class-palette","9":"first","10":"instock","11":"taxable","12":"shipping-taxable","13":"purchasable","14":"product-type-simple"},"_links":{"self":[{"href":"https:\/\/pdirect.ca\/en\/wp-json\/wp\/v2\/product\/110028"}],"collection":[{"href":"https:\/\/pdirect.ca\/en\/wp-json\/wp\/v2\/product"}],"about":[{"href":"https:\/\/pdirect.ca\/en\/wp-json\/wp\/v2\/types\/product"}],"replies":[{"embeddable":true,"href":"https:\/\/pdirect.ca\/en\/wp-json\/wp\/v2\/comments?post=110028"}],"wp:featuredmedia":[{"embeddable":true,"href":"https:\/\/pdirect.ca\/en\/wp-json\/wp\/v2\/media\/110029"}],"wp:attachment":[{"href":"https:\/\/pdirect.ca\/en\/wp-json\/wp\/v2\/media?parent=110028"}],"wp:term":[{"taxonomy":"product_cat","embeddable":true,"href":"https:\/\/pdirect.ca\/en\/wp-json\/wp\/v2\/product_cat?post=110028"},{"taxonomy":"product_tag","embeddable":true,"href":"https:\/\/pdirect.ca\/en\/wp-json\/wp\/v2\/product_tag?post=110028"}],"curies":[{"name":"wp","href":"https:\/\/api.w.org\/{rel}","templated":true}]}}