{"id":110116,"date":"2025-03-11T09:43:39","date_gmt":"2025-03-11T13:43:39","guid":{"rendered":"https:\/\/pdirect.ca\/?post_type=product&#038;p=110116"},"modified":"2025-03-11T10:52:17","modified_gmt":"2025-03-11T14:52:17","slug":"colle-pour-ceramique-grand-format-gris-lht-plus-50lbs","status":"publish","type":"product","link":"https:\/\/pdirect.ca\/en\/product\/colle-pour-ceramique-grand-format-gris-lht-plus-50lbs\/","title":{"rendered":"Ciment Colle A C\u00e9ramique Pour Le Sol gris LHT Plus 50Lbs"},"content":{"rendered":"<p>Couvre approximativement 70 pied carr\u00e9<\/p>\n<p>Un mortier de carrelage lourd et de grande taille modifi\u00e9 aux polym\u00e8res sp\u00e9cialement formul\u00e9 pour assurer une pose en une \u00e9tape du carrelage de c\u00e9ramique, du carrelage de porcelaine, du marbre et de la pierre de grand format sur des sols et des murs.<\/p>","protected":false},"excerpt":{"rendered":"<p>Couvre approximativement 70 pied carr\u00e9<\/p>\n<p>Un mortier de carrelage lourd et de grande taille modifi\u00e9 aux polym\u00e8res sp\u00e9cialement formul\u00e9 pour assurer une pose en une \u00e9tape du carrelage de c\u00e9ramique, du carrelage de porcelaine, du marbre et de la pierre de grand format sur des sols et des murs.<\/p>","protected":false},"featured_media":110117,"comment_status":"closed","ping_status":"closed","template":"","meta":{"rank_math_lock_modified_date":false},"product_cat":[149],"product_tag":[],"class_list":{"0":"post-110116","1":"product","2":"type-product","3":"status-publish","4":"has-post-thumbnail","6":"product_cat-ciment-colle","7":"product_shipping_class-palette","9":"first","10":"instock","11":"taxable","12":"shipping-taxable","13":"purchasable","14":"product-type-simple"},"_links":{"self":[{"href":"https:\/\/pdirect.ca\/en\/wp-json\/wp\/v2\/product\/110116"}],"collection":[{"href":"https:\/\/pdirect.ca\/en\/wp-json\/wp\/v2\/product"}],"about":[{"href":"https:\/\/pdirect.ca\/en\/wp-json\/wp\/v2\/types\/product"}],"replies":[{"embeddable":true,"href":"https:\/\/pdirect.ca\/en\/wp-json\/wp\/v2\/comments?post=110116"}],"wp:featuredmedia":[{"embeddable":true,"href":"https:\/\/pdirect.ca\/en\/wp-json\/wp\/v2\/media\/110117"}],"wp:attachment":[{"href":"https:\/\/pdirect.ca\/en\/wp-json\/wp\/v2\/media?parent=110116"}],"wp:term":[{"taxonomy":"product_cat","embeddable":true,"href":"https:\/\/pdirect.ca\/en\/wp-json\/wp\/v2\/product_cat?post=110116"},{"taxonomy":"product_tag","embeddable":true,"href":"https:\/\/pdirect.ca\/en\/wp-json\/wp\/v2\/product_tag?post=110116"}],"curies":[{"name":"wp","href":"https:\/\/api.w.org\/{rel}","templated":true}]}}