{"id":110167,"date":"2025-03-28T11:03:49","date_gmt":"2025-03-28T15:03:49","guid":{"rendered":"https:\/\/pdirect.ca\/?post_type=product&#038;p=110167"},"modified":"2026-02-09T11:02:55","modified_gmt":"2026-02-09T16:02:55","slug":"mur-de-douche-4x8-texture-beton","status":"publish","type":"product","link":"https:\/\/pdirect.ca\/en\/product\/mur-de-douche-4x8-texture-beton\/","title":{"rendered":"Mur De Douche 4&#215;8 Textur\u00e9 B\u00e9ton"},"content":{"rendered":"<p>Feuille de PVC de 4&#215;8<\/p>\n<p>24.8 kg \/ Feuille.<\/p>\n<p>Id\u00e9al pour la douche et mur de la salle de bain.<\/p>\n<p>Aucun ciment-colle et coulis requis.<\/p>\n<p>Trait\u00e9s aux UV, les panneaux se nettoient facilement.<\/p>\n<p>Facile d&rsquo;installation avec de la colle \u00e0 construction.<\/p>\n<p>Peuvent \u00eatre install\u00e9 c\u00f4te \u00e0 c\u00f4te pour les surfaces plus grandes.<\/p>\n<p>Peuvent \u00eatre coup\u00e9s au besoin<\/p>\n<p>***\u00c0 noter que pour l&rsquo;exp\u00e9dition de ce produit, il y a un frais de 60$ + taxes qu&rsquo;y s&rsquo;ajoute au tarif de base.<\/p>","protected":false},"excerpt":{"rendered":"<p>Feuille de PVC de 4&#215;8<\/p>\n<p>24.8 kg \/ Feuille.<\/p>\n<p>Id\u00e9al pour la douche et mur de la salle de bain.<\/p>\n<p>Aucun ciment-colle et coulis requis.<\/p>\n<p>Trait\u00e9s aux UV, les panneaux se nettoient facilement.<\/p>\n<p>Facile d&rsquo;installation avec de la colle \u00e0 construction.<\/p>\n<p>Peuvent \u00eatre install\u00e9 c\u00f4te \u00e0 c\u00f4te pour les surfaces plus grandes.<\/p>\n<p>Peuvent \u00eatre coup\u00e9s au besoin<\/p>\n<p>***\u00c0 noter que pour l&rsquo;exp\u00e9dition de ce produit, il y a un frais de 60$ + taxes qu&rsquo;y s&rsquo;ajoute au tarif de base.<\/p>","protected":false},"featured_media":110168,"comment_status":"closed","ping_status":"closed","template":"","meta":{"rank_math_lock_modified_date":false},"product_cat":[129],"product_tag":[],"class_list":{"0":"post-110167","1":"product","2":"type-product","3":"status-publish","4":"has-post-thumbnail","6":"product_cat-murdedouche","7":"product_shipping_class-palette","9":"first","10":"outofstock","11":"sale","12":"taxable","13":"shipping-taxable","14":"purchasable","15":"product-type-simple"},"_links":{"self":[{"href":"https:\/\/pdirect.ca\/en\/wp-json\/wp\/v2\/product\/110167"}],"collection":[{"href":"https:\/\/pdirect.ca\/en\/wp-json\/wp\/v2\/product"}],"about":[{"href":"https:\/\/pdirect.ca\/en\/wp-json\/wp\/v2\/types\/product"}],"replies":[{"embeddable":true,"href":"https:\/\/pdirect.ca\/en\/wp-json\/wp\/v2\/comments?post=110167"}],"wp:featuredmedia":[{"embeddable":true,"href":"https:\/\/pdirect.ca\/en\/wp-json\/wp\/v2\/media\/110168"}],"wp:attachment":[{"href":"https:\/\/pdirect.ca\/en\/wp-json\/wp\/v2\/media?parent=110167"}],"wp:term":[{"taxonomy":"product_cat","embeddable":true,"href":"https:\/\/pdirect.ca\/en\/wp-json\/wp\/v2\/product_cat?post=110167"},{"taxonomy":"product_tag","embeddable":true,"href":"https:\/\/pdirect.ca\/en\/wp-json\/wp\/v2\/product_tag?post=110167"}],"curies":[{"name":"wp","href":"https:\/\/api.w.org\/{rel}","templated":true}]}}