{"id":110200,"date":"2025-05-07T11:25:43","date_gmt":"2025-05-07T15:25:43","guid":{"rendered":"https:\/\/pdirect.ca\/?post_type=product&#038;p=110200"},"modified":"2025-05-07T11:25:43","modified_gmt":"2025-05-07T15:25:43","slug":"drexma-wistat","status":"publish","type":"product","link":"https:\/\/pdirect.ca\/en\/product\/drexma-wistat\/","title":{"rendered":"DREXMA-WISTAT"},"content":{"rendered":"<p>Thermostat Drexma WiStat \u00e0 \u00e9cran tactile WiFi programmable<\/p>\n<p>, pour la maison, pour les applications de syst\u00e8me de chauffage par le sol radiant C\u00e2bles 120V-240V,<\/p>\n<p>r\u00e9seaux 2.4G et 5G, avec GFCI int\u00e9gr\u00e9,<\/p>\n<p>capteur de temp\u00e9rature au sol.<\/p>","protected":false},"excerpt":{"rendered":"<p>Thermostat Drexma WiStat \u00e0 \u00e9cran tactile WiFi programmable<\/p>\n<p>, pour la maison, pour les applications de syst\u00e8me de chauffage par le sol radiant C\u00e2bles 120V-240V,<\/p>\n<p>r\u00e9seaux 2.4G et 5G, avec GFCI int\u00e9gr\u00e9,<\/p>\n<p>capteur de temp\u00e9rature au sol.<\/p>","protected":false},"featured_media":110201,"comment_status":"closed","ping_status":"closed","template":"","meta":{"rank_math_lock_modified_date":false},"product_cat":[147],"product_tag":[],"class_list":{"0":"post-110200","1":"product","2":"type-product","3":"status-publish","4":"has-post-thumbnail","6":"product_cat-plancher-chauffant","7":"product_shipping_class-palette","9":"first","10":"instock","11":"taxable","12":"shipping-taxable","13":"purchasable","14":"product-type-simple"},"_links":{"self":[{"href":"https:\/\/pdirect.ca\/en\/wp-json\/wp\/v2\/product\/110200"}],"collection":[{"href":"https:\/\/pdirect.ca\/en\/wp-json\/wp\/v2\/product"}],"about":[{"href":"https:\/\/pdirect.ca\/en\/wp-json\/wp\/v2\/types\/product"}],"replies":[{"embeddable":true,"href":"https:\/\/pdirect.ca\/en\/wp-json\/wp\/v2\/comments?post=110200"}],"wp:featuredmedia":[{"embeddable":true,"href":"https:\/\/pdirect.ca\/en\/wp-json\/wp\/v2\/media\/110201"}],"wp:attachment":[{"href":"https:\/\/pdirect.ca\/en\/wp-json\/wp\/v2\/media?parent=110200"}],"wp:term":[{"taxonomy":"product_cat","embeddable":true,"href":"https:\/\/pdirect.ca\/en\/wp-json\/wp\/v2\/product_cat?post=110200"},{"taxonomy":"product_tag","embeddable":true,"href":"https:\/\/pdirect.ca\/en\/wp-json\/wp\/v2\/product_tag?post=110200"}],"curies":[{"name":"wp","href":"https:\/\/api.w.org\/{rel}","templated":true}]}}