{"id":110207,"date":"2025-05-07T11:37:20","date_gmt":"2025-05-07T15:37:20","guid":{"rendered":"https:\/\/pdirect.ca\/?post_type=product&#038;p=110207"},"modified":"2025-05-07T11:37:20","modified_gmt":"2025-05-07T15:37:20","slug":"udg4-4999-noir-thermostat","status":"publish","type":"product","link":"https:\/\/pdirect.ca\/en\/product\/udg4-4999-noir-thermostat\/","title":{"rendered":"UDG4-4999 Noir Thermostat"},"content":{"rendered":"<ul>\n<li><strong>\u00c9cran couleur de 3,5 pouces avec commande tactile interactive facile \u00e0 utiliser<\/strong><\/li>\n<li><strong>Nouvelle m\u00e9thode de planification facile et changements encore plus faciles \u00e0 la vol\u00e9e<\/strong><\/li>\n<li><strong>Suivez la consommation d\u2019\u00e9nergie et enregistrez-la sur un PC en quelques \u00e9tapes simples<\/strong><\/li>\n<li><strong>Les param\u00e8tres du thermostat peuvent \u00eatre export\u00e9s vers la page Web pour obtenir de l\u2019aide<\/strong><\/li>\n<li><strong>Compatibilit\u00e9 universelle avec les capteurs de chauffage au sol existants.<\/strong><\/li>\n<li><strong>Convient pour le carrelage, la pierre, le stratifi\u00e9, le b\u00e9ton et les sols en bois<\/strong><\/li>\n<li><strong>5 ans de batterie de sauvegarde de l\u2019horloge et du calendrier<\/strong><\/li>\n<li><strong>UDG4 avec GFCI de classe A et ADG4 avec EGFPD 15 mA<\/strong><\/li>\n<li><strong>Design industriel :<br \/>\n\u00c9tats-Unis \u2013 Brevet de dessin n\u00b0 D768092<br \/>\nCanada \u2013 Brevet de dessin n\u00b0 161353<\/strong><\/li>\n<\/ul>","protected":false},"excerpt":{"rendered":"<ul>\n<li><strong>\u00c9cran couleur de 3,5 pouces avec commande tactile interactive facile \u00e0 utiliser<\/strong><\/li>\n<li><strong>Nouvelle m\u00e9thode de planification facile et changements encore plus faciles \u00e0 la vol\u00e9e<\/strong><\/li>\n<li><strong>Suivez la consommation d\u2019\u00e9nergie et enregistrez-la sur un PC en quelques \u00e9tapes simples<\/strong><\/li>\n<li><strong>Les param\u00e8tres du thermostat peuvent \u00eatre export\u00e9s vers la page Web pour obtenir de l\u2019aide<\/strong><\/li>\n<li><strong>Compatibilit\u00e9 universelle avec les capteurs de chauffage au sol existants.<\/strong><\/li>\n<li><strong>Convient pour le carrelage, la pierre, le stratifi\u00e9, le b\u00e9ton et les sols en bois<\/strong><\/li>\n<li><strong>5 ans de batterie de sauvegarde de l\u2019horloge et du calendrier<\/strong><\/li>\n<li><strong>UDG4 avec GFCI de classe A et ADG4 avec EGFPD 15 mA<\/strong><\/li>\n<li><strong>Design industriel :<br \/>\n\u00c9tats-Unis \u2013 Brevet de dessin n\u00b0 D768092<br \/>\nCanada \u2013 Brevet de dessin n\u00b0 161353<\/strong><\/li>\n<\/ul>","protected":false},"featured_media":110208,"comment_status":"closed","ping_status":"closed","template":"","meta":{"rank_math_lock_modified_date":false},"product_cat":[147],"product_tag":[],"class_list":{"0":"post-110207","1":"product","2":"type-product","3":"status-publish","4":"has-post-thumbnail","6":"product_cat-plancher-chauffant","7":"product_shipping_class-palette","9":"first","10":"instock","11":"taxable","12":"shipping-taxable","13":"purchasable","14":"product-type-simple"},"_links":{"self":[{"href":"https:\/\/pdirect.ca\/en\/wp-json\/wp\/v2\/product\/110207"}],"collection":[{"href":"https:\/\/pdirect.ca\/en\/wp-json\/wp\/v2\/product"}],"about":[{"href":"https:\/\/pdirect.ca\/en\/wp-json\/wp\/v2\/types\/product"}],"replies":[{"embeddable":true,"href":"https:\/\/pdirect.ca\/en\/wp-json\/wp\/v2\/comments?post=110207"}],"wp:featuredmedia":[{"embeddable":true,"href":"https:\/\/pdirect.ca\/en\/wp-json\/wp\/v2\/media\/110208"}],"wp:attachment":[{"href":"https:\/\/pdirect.ca\/en\/wp-json\/wp\/v2\/media?parent=110207"}],"wp:term":[{"taxonomy":"product_cat","embeddable":true,"href":"https:\/\/pdirect.ca\/en\/wp-json\/wp\/v2\/product_cat?post=110207"},{"taxonomy":"product_tag","embeddable":true,"href":"https:\/\/pdirect.ca\/en\/wp-json\/wp\/v2\/product_tag?post=110207"}],"curies":[{"name":"wp","href":"https:\/\/api.w.org\/{rel}","templated":true}]}}