{"id":110211,"date":"2025-05-07T11:48:43","date_gmt":"2025-05-07T15:48:43","guid":{"rendered":"https:\/\/pdirect.ca\/?post_type=product&#038;p=110211"},"modified":"2025-05-07T11:48:43","modified_gmt":"2025-05-07T15:48:43","slug":"uwg5-4999-thermostat","status":"publish","type":"product","link":"https:\/\/pdirect.ca\/en\/product\/uwg5-4999-thermostat\/","title":{"rendered":"UWG5-4999 Thermostat"},"content":{"rendered":"<p><strong>Les principales caract\u00e9ristiques sont<\/strong><\/p>\n<p>&nbsp;<\/p>\n<ul>\n<li><strong>Thermostat WiFi connect\u00e9 au cloud<\/strong><\/li>\n<li><strong>Contr\u00f4le local direct via Bluetooth\u00ae<\/strong><\/li>\n<li><strong>Commande vocale compatible avec Amazon Alexa et avec les appareils compatibles avec l\u2019Assistant Google<\/strong><\/li>\n<li><strong>Affichage avec lumi\u00e8re LED. Pendant l\u2019utilisation, l\u2019intensit\u00e9 lumineuse est augment\u00e9e. Lorsqu\u2019il ne fonctionne pas, l\u2019intensit\u00e9 lumineuse sera att\u00e9nu\u00e9e ou d\u00e9sactiv\u00e9e<\/strong><\/li>\n<li><strong>Le toucher capacitif permet un contr\u00f4le direct sur le thermostat<\/strong><\/li>\n<li><strong>Commande simple sur le thermostat. Ajustez le point de consigne, changez de mode de fonctionnement, allumez\/\u00e9teignez<\/strong><\/li>\n<li><strong>Protection GFCI, y compris un bouton de test<\/strong><\/li>\n<li><strong>Affichage de la temp\u00e9rature, du point de consigne, de l\u2019heure, de l\u2019\u00e9tat de chauffage, des erreurs et de l\u2019\u00e9tat WiFi<\/strong><\/li>\n<li><strong>Horaires : Jusqu\u2019\u00e0 10 horaires diff\u00e9rents, remplacements d\u2019horaire (mode manuel, maintien pendant X heures, mode vacances, protection contre le gel et mode \u00e9co)<\/strong><\/li>\n<li><strong>R\u00e9gionalisation (langue et unit\u00e9, heure et date)<\/strong><\/li>\n<li><strong>Fonction adaptative, fonction de fen\u00eatre ouverte, type d\u2019application, adaptation du capteur, verrouillage de l\u2019utilisateur et \u00e9talonnage<\/strong><\/li>\n<li><strong>Convient pour les sols en carrelage, stratifi\u00e9 et en bois<\/strong><\/li>\n<\/ul>","protected":false},"excerpt":{"rendered":"<p><strong>Les principales caract\u00e9ristiques sont<\/strong><\/p>\n<p>&nbsp;<\/p>\n<ul>\n<li><strong>Thermostat WiFi connect\u00e9 au cloud<\/strong><\/li>\n<li><strong>Contr\u00f4le local direct via Bluetooth\u00ae<\/strong><\/li>\n<li><strong>Commande vocale compatible avec Amazon Alexa et avec les appareils compatibles avec l\u2019Assistant Google<\/strong><\/li>\n<li><strong>Affichage avec lumi\u00e8re LED. Pendant l\u2019utilisation, l\u2019intensit\u00e9 lumineuse est augment\u00e9e. Lorsqu\u2019il ne fonctionne pas, l\u2019intensit\u00e9 lumineuse sera att\u00e9nu\u00e9e ou d\u00e9sactiv\u00e9e<\/strong><\/li>\n<li><strong>Le toucher capacitif permet un contr\u00f4le direct sur le thermostat<\/strong><\/li>\n<li><strong>Commande simple sur le thermostat. Ajustez le point de consigne, changez de mode de fonctionnement, allumez\/\u00e9teignez<\/strong><\/li>\n<li><strong>Protection GFCI, y compris un bouton de test<\/strong><\/li>\n<li><strong>Affichage de la temp\u00e9rature, du point de consigne, de l\u2019heure, de l\u2019\u00e9tat de chauffage, des erreurs et de l\u2019\u00e9tat WiFi<\/strong><\/li>\n<li><strong>Horaires : Jusqu\u2019\u00e0 10 horaires diff\u00e9rents, remplacements d\u2019horaire (mode manuel, maintien pendant X heures, mode vacances, protection contre le gel et mode \u00e9co)<\/strong><\/li>\n<li><strong>R\u00e9gionalisation (langue et unit\u00e9, heure et date)<\/strong><\/li>\n<li><strong>Fonction adaptative, fonction de fen\u00eatre ouverte, type d\u2019application, adaptation du capteur, verrouillage de l\u2019utilisateur et \u00e9talonnage<\/strong><\/li>\n<li><strong>Convient pour les sols en carrelage, stratifi\u00e9 et en bois<\/strong><\/li>\n<\/ul>","protected":false},"featured_media":110213,"comment_status":"closed","ping_status":"closed","template":"","meta":{"rank_math_lock_modified_date":false},"product_cat":[147],"product_tag":[],"class_list":{"0":"post-110211","1":"product","2":"type-product","3":"status-publish","4":"has-post-thumbnail","6":"product_cat-plancher-chauffant","7":"product_shipping_class-palette","9":"first","10":"instock","11":"taxable","12":"shipping-taxable","13":"purchasable","14":"product-type-simple"},"_links":{"self":[{"href":"https:\/\/pdirect.ca\/en\/wp-json\/wp\/v2\/product\/110211"}],"collection":[{"href":"https:\/\/pdirect.ca\/en\/wp-json\/wp\/v2\/product"}],"about":[{"href":"https:\/\/pdirect.ca\/en\/wp-json\/wp\/v2\/types\/product"}],"replies":[{"embeddable":true,"href":"https:\/\/pdirect.ca\/en\/wp-json\/wp\/v2\/comments?post=110211"}],"wp:featuredmedia":[{"embeddable":true,"href":"https:\/\/pdirect.ca\/en\/wp-json\/wp\/v2\/media\/110213"}],"wp:attachment":[{"href":"https:\/\/pdirect.ca\/en\/wp-json\/wp\/v2\/media?parent=110211"}],"wp:term":[{"taxonomy":"product_cat","embeddable":true,"href":"https:\/\/pdirect.ca\/en\/wp-json\/wp\/v2\/product_cat?post=110211"},{"taxonomy":"product_tag","embeddable":true,"href":"https:\/\/pdirect.ca\/en\/wp-json\/wp\/v2\/product_tag?post=110211"}],"curies":[{"name":"wp","href":"https:\/\/api.w.org\/{rel}","templated":true}]}}