{"id":110214,"date":"2025-05-07T11:51:41","date_gmt":"2025-05-07T15:51:41","guid":{"rendered":"https:\/\/pdirect.ca\/?post_type=product&#038;p=110214"},"modified":"2025-05-07T11:51:41","modified_gmt":"2025-05-07T15:51:41","slug":"module-dalimentation-relais-usg5-4000","status":"publish","type":"product","link":"https:\/\/pdirect.ca\/en\/product\/module-dalimentation-relais-usg5-4000\/","title":{"rendered":"Module D&rsquo;alimentation Relais USG5-4000"},"content":{"rendered":"<p><strong>Compatibilit\u00e9 descendante<br \/>\n<\/strong>L\u2019USG5 conserve la compatibilit\u00e9 avec les thermostats pr\u00e9c\u00e9dents. Cela signifie que vous pouvez utiliser l\u2019USG5 sans vous soucier des probl\u00e8mes de compatibilit\u00e9 avec vos thermostats existants.<\/p>\n<ul>\n<li><b>Design \u00e9l\u00e9gant<\/b><\/li>\n<li><b>Bornes \u00e0 vis pour une installation s\u00fbre et facile<\/b><\/li>\n<li><b>Indicateur lumineux LED<\/b><\/li>\n<li><b>GFCI int\u00e9gr\u00e9 de classe A<\/b><\/li>\n<\/ul>","protected":false},"excerpt":{"rendered":"<p><strong>Compatibilit\u00e9 descendante<br \/>\n<\/strong>L\u2019USG5 conserve la compatibilit\u00e9 avec les thermostats pr\u00e9c\u00e9dents. Cela signifie que vous pouvez utiliser l\u2019USG5 sans vous soucier des probl\u00e8mes de compatibilit\u00e9 avec vos thermostats existants.<\/p>\n<ul>\n<li><b>Design \u00e9l\u00e9gant<\/b><\/li>\n<li><b>Bornes \u00e0 vis pour une installation s\u00fbre et facile<\/b><\/li>\n<li><b>Indicateur lumineux LED<\/b><\/li>\n<li><b>GFCI int\u00e9gr\u00e9 de classe A<\/b><\/li>\n<\/ul>","protected":false},"featured_media":110215,"comment_status":"closed","ping_status":"closed","template":"","meta":{"rank_math_lock_modified_date":false},"product_cat":[147],"product_tag":[],"class_list":{"0":"post-110214","1":"product","2":"type-product","3":"status-publish","4":"has-post-thumbnail","6":"product_cat-plancher-chauffant","7":"product_shipping_class-palette","9":"first","10":"instock","11":"taxable","12":"shipping-taxable","13":"purchasable","14":"product-type-simple"},"_links":{"self":[{"href":"https:\/\/pdirect.ca\/en\/wp-json\/wp\/v2\/product\/110214"}],"collection":[{"href":"https:\/\/pdirect.ca\/en\/wp-json\/wp\/v2\/product"}],"about":[{"href":"https:\/\/pdirect.ca\/en\/wp-json\/wp\/v2\/types\/product"}],"replies":[{"embeddable":true,"href":"https:\/\/pdirect.ca\/en\/wp-json\/wp\/v2\/comments?post=110214"}],"wp:featuredmedia":[{"embeddable":true,"href":"https:\/\/pdirect.ca\/en\/wp-json\/wp\/v2\/media\/110215"}],"wp:attachment":[{"href":"https:\/\/pdirect.ca\/en\/wp-json\/wp\/v2\/media?parent=110214"}],"wp:term":[{"taxonomy":"product_cat","embeddable":true,"href":"https:\/\/pdirect.ca\/en\/wp-json\/wp\/v2\/product_cat?post=110214"},{"taxonomy":"product_tag","embeddable":true,"href":"https:\/\/pdirect.ca\/en\/wp-json\/wp\/v2\/product_tag?post=110214"}],"curies":[{"name":"wp","href":"https:\/\/api.w.org\/{rel}","templated":true}]}}