{"id":110379,"date":"2025-11-24T12:06:28","date_gmt":"2025-11-24T17:06:28","guid":{"rendered":"https:\/\/pdirect.ca\/?post_type=product&#038;p=110379"},"modified":"2025-11-24T12:06:28","modified_gmt":"2025-11-24T17:06:28","slug":"ceramique-murale-3x6-metro","status":"publish","type":"product","link":"https:\/\/pdirect.ca\/en\/product\/ceramique-murale-3x6-metro\/","title":{"rendered":"C\u00e9ramique Murale 3&#215;6 M\u00e9tro"},"content":{"rendered":"<p>C\u00e9ramique murale<\/p>\n<p>3&#215;6<\/p>\n<p>Blanche<\/p>\n<p>fini lustr\u00e9<\/p>\n<p>Boite de 16,47 pied carr\u00e9<\/p>","protected":false},"excerpt":{"rendered":"<p>C\u00e9ramique murale<\/p>\n<p>3&#215;6<\/p>\n<p>Blanche<\/p>\n<p>fini lustr\u00e9<\/p>\n<p>Boite de 16,47 pied carr\u00e9<\/p>","protected":false},"featured_media":110380,"comment_status":"closed","ping_status":"closed","template":"","meta":{"rank_math_lock_modified_date":false},"product_cat":[123,112,136],"product_tag":[],"class_list":{"0":"post-110379","1":"product","2":"type-product","3":"status-publish","4":"has-post-thumbnail","6":"product_cat-tuilemurale","7":"product_cat-liquidation","8":"product_cat-surplus-dinventaire-jusqua-50-de-rabais","9":"product_shipping_class-palette","11":"first","12":"instock","13":"taxable","14":"shipping-taxable","15":"purchasable","16":"product-type-simple"},"_links":{"self":[{"href":"https:\/\/pdirect.ca\/en\/wp-json\/wp\/v2\/product\/110379"}],"collection":[{"href":"https:\/\/pdirect.ca\/en\/wp-json\/wp\/v2\/product"}],"about":[{"href":"https:\/\/pdirect.ca\/en\/wp-json\/wp\/v2\/types\/product"}],"replies":[{"embeddable":true,"href":"https:\/\/pdirect.ca\/en\/wp-json\/wp\/v2\/comments?post=110379"}],"wp:featuredmedia":[{"embeddable":true,"href":"https:\/\/pdirect.ca\/en\/wp-json\/wp\/v2\/media\/110380"}],"wp:attachment":[{"href":"https:\/\/pdirect.ca\/en\/wp-json\/wp\/v2\/media?parent=110379"}],"wp:term":[{"taxonomy":"product_cat","embeddable":true,"href":"https:\/\/pdirect.ca\/en\/wp-json\/wp\/v2\/product_cat?post=110379"},{"taxonomy":"product_tag","embeddable":true,"href":"https:\/\/pdirect.ca\/en\/wp-json\/wp\/v2\/product_tag?post=110379"}],"curies":[{"name":"wp","href":"https:\/\/api.w.org\/{rel}","templated":true}]}}