{"id":110381,"date":"2025-11-24T12:12:06","date_gmt":"2025-11-24T17:12:06","guid":{"rendered":"https:\/\/pdirect.ca\/?post_type=product&#038;p=110381"},"modified":"2025-11-24T12:13:45","modified_gmt":"2025-11-24T17:13:45","slug":"plancher-lamine-12mm-89904","status":"publish","type":"product","link":"https:\/\/pdirect.ca\/en\/product\/plancher-lamine-12mm-89904\/","title":{"rendered":"Plancher Lamin\u00e9 12mm 89904"},"content":{"rendered":"<div dir=\"auto\">\u2022\u00e9paisseur 12mm<\/div>\n<div dir=\"auto\">Planche de 7.44&Prime; x 47&Prime;.<\/div>\n<div dir=\"auto\"><span class=\"html-span xexx8yu xyri2b x18d9i69 x1c1uobl x1hl2dhg x16tdsg8 x1vvkbs x3nfvp2 x1j61x8r x1fcty0u xdj266r xat24cr xm2jcoa x1mpyi22 xxymvpz xlup9mm x1kky2od\"><img loading=\"lazy\" decoding=\"async\" class=\"xz74otr x15mokao x1ga7v0g x16uus16 xbiv7yw\" src=\"https:\/\/static.xx.fbcdn.net\/images\/emoji.php\/v9\/t4c\/1\/16\/25aa.png\" alt=\"\u25aa\ufe0f\" width=\"16\" height=\"16\" \/><\/span>vendu \u00e0 la bo\u00eete de 14.59 pied carr\u00e9<\/div>","protected":false},"excerpt":{"rendered":"<div dir=\"auto\">\u2022\u00e9paisseur 12mm<\/div>\n<div dir=\"auto\">Planche de 7.44&Prime; x 47&Prime;.<\/div>\n<div dir=\"auto\"><span class=\"html-span xexx8yu xyri2b x18d9i69 x1c1uobl x1hl2dhg x16tdsg8 x1vvkbs x3nfvp2 x1j61x8r x1fcty0u xdj266r xat24cr xm2jcoa x1mpyi22 xxymvpz xlup9mm x1kky2od\"><img loading=\"lazy\" decoding=\"async\" class=\"xz74otr x15mokao x1ga7v0g x16uus16 xbiv7yw\" src=\"https:\/\/static.xx.fbcdn.net\/images\/emoji.php\/v9\/t4c\/1\/16\/25aa.png\" alt=\"\u25aa\ufe0f\" width=\"16\" height=\"16\" \/><\/span>vendu \u00e0 la bo\u00eete de 14.59 pied carr\u00e9<\/div>","protected":false},"featured_media":110382,"comment_status":"closed","ping_status":"closed","template":"","meta":{"rank_math_lock_modified_date":false},"product_cat":[112,56,136],"product_tag":[],"class_list":{"0":"post-110381","1":"product","2":"type-product","3":"status-publish","4":"has-post-thumbnail","6":"product_cat-liquidation","7":"product_cat-plancherflottant","8":"product_cat-surplus-dinventaire-jusqua-50-de-rabais","9":"product_shipping_class-palette","11":"first","12":"instock","13":"taxable","14":"shipping-taxable","15":"purchasable","16":"product-type-simple"},"_links":{"self":[{"href":"https:\/\/pdirect.ca\/en\/wp-json\/wp\/v2\/product\/110381"}],"collection":[{"href":"https:\/\/pdirect.ca\/en\/wp-json\/wp\/v2\/product"}],"about":[{"href":"https:\/\/pdirect.ca\/en\/wp-json\/wp\/v2\/types\/product"}],"replies":[{"embeddable":true,"href":"https:\/\/pdirect.ca\/en\/wp-json\/wp\/v2\/comments?post=110381"}],"wp:featuredmedia":[{"embeddable":true,"href":"https:\/\/pdirect.ca\/en\/wp-json\/wp\/v2\/media\/110382"}],"wp:attachment":[{"href":"https:\/\/pdirect.ca\/en\/wp-json\/wp\/v2\/media?parent=110381"}],"wp:term":[{"taxonomy":"product_cat","embeddable":true,"href":"https:\/\/pdirect.ca\/en\/wp-json\/wp\/v2\/product_cat?post=110381"},{"taxonomy":"product_tag","embeddable":true,"href":"https:\/\/pdirect.ca\/en\/wp-json\/wp\/v2\/product_tag?post=110381"}],"curies":[{"name":"wp","href":"https:\/\/api.w.org\/{rel}","templated":true}]}}