{"id":110455,"date":"2026-02-27T10:26:44","date_gmt":"2026-02-27T15:26:44","guid":{"rendered":"https:\/\/pdirect.ca\/?post_type=product&#038;p=110455"},"modified":"2026-02-27T10:26:44","modified_gmt":"2026-02-27T15:26:44","slug":"vinyle-loose-lay-evolution-purflex-alta-5701530","status":"publish","type":"product","link":"https:\/\/pdirect.ca\/en\/product\/vinyle-loose-lay-evolution-purflex-alta-5701530\/","title":{"rendered":"Vinyle Loose Lay \u00c9volution Purflex Alta 5701530"},"content":{"rendered":"<p><strong>Dimensions :<\/strong><\/p>\n<p>\u00c9paisseur : 5 mm<br \/>\nLargeur : 178 mm (7\u2033)<br \/>\nLongueur : 1219 mm (48\u2033)<\/p>\n<p>Couvre : 23.33 pi\u00b2 \/ boite<br \/>\nInstallation : coller et d\u00e9poser<br \/>\nCouche d\u2019usure : 0,5 mm<br \/>\nGarantie : garantie r\u00e9sidentielle \u00e0 vie limit\u00e9e \/ 20 ans de garantie commerciale limit\u00e9e<\/p>","protected":false},"excerpt":{"rendered":"<p><strong>Dimensions :<\/strong><\/p>\n<p>\u00c9paisseur : 5 mm<br \/>\nLargeur : 178 mm (7\u2033)<br \/>\nLongueur : 1219 mm (48\u2033)<\/p>\n<p>Couvre : 23.33 pi\u00b2 \/ boite<br \/>\nInstallation : coller et d\u00e9poser<br \/>\nCouche d\u2019usure : 0,5 mm<br \/>\nGarantie : garantie r\u00e9sidentielle \u00e0 vie limit\u00e9e \/ 20 ans de garantie commerciale limit\u00e9e<\/p>","protected":false},"featured_media":110456,"comment_status":"closed","ping_status":"closed","template":"","meta":{"rank_math_lock_modified_date":false},"product_cat":[175],"product_tag":[],"class_list":{"0":"post-110455","1":"product","2":"type-product","3":"status-publish","4":"has-post-thumbnail","6":"product_cat-vinyle-loose-lay","7":"product_shipping_class-palette","9":"first","10":"instock","11":"taxable","12":"shipping-taxable","13":"purchasable","14":"product-type-simple"},"_links":{"self":[{"href":"https:\/\/pdirect.ca\/en\/wp-json\/wp\/v2\/product\/110455"}],"collection":[{"href":"https:\/\/pdirect.ca\/en\/wp-json\/wp\/v2\/product"}],"about":[{"href":"https:\/\/pdirect.ca\/en\/wp-json\/wp\/v2\/types\/product"}],"replies":[{"embeddable":true,"href":"https:\/\/pdirect.ca\/en\/wp-json\/wp\/v2\/comments?post=110455"}],"wp:featuredmedia":[{"embeddable":true,"href":"https:\/\/pdirect.ca\/en\/wp-json\/wp\/v2\/media\/110456"}],"wp:attachment":[{"href":"https:\/\/pdirect.ca\/en\/wp-json\/wp\/v2\/media?parent=110455"}],"wp:term":[{"taxonomy":"product_cat","embeddable":true,"href":"https:\/\/pdirect.ca\/en\/wp-json\/wp\/v2\/product_cat?post=110455"},{"taxonomy":"product_tag","embeddable":true,"href":"https:\/\/pdirect.ca\/en\/wp-json\/wp\/v2\/product_tag?post=110455"}],"curies":[{"name":"wp","href":"https:\/\/api.w.org\/{rel}","templated":true}]}}