{"id":110476,"date":"2026-02-27T11:39:11","date_gmt":"2026-02-27T16:39:11","guid":{"rendered":"https:\/\/pdirect.ca\/?post_type=product&#038;p=110476"},"modified":"2026-02-27T11:39:12","modified_gmt":"2026-02-27T16:39:12","slug":"vinyle-evolution-purflex-tuile-pietra-ivoire-5701050","status":"publish","type":"product","link":"https:\/\/pdirect.ca\/en\/product\/vinyle-evolution-purflex-tuile-pietra-ivoire-5701050\/","title":{"rendered":"Vinyle \u00c9volution Purflex Tuile Pietra ivoire 5701050"},"content":{"rendered":"<p><strong>Dimensions :<\/strong><\/p>\n<p>\u00c9paisseur : 4.5\/05 mm<br \/>\nLargeur : 600 mm (24\u2033)<br \/>\nLongueur : 600 mm (24\u2033)<\/p>\n<p>Couvre : 27.13 pi\u00b2 \/ boite<br \/>\nInstallation : coller et d\u00e9poser<br \/>\nCouche d\u2019usure : 0,5 mm<br \/>\nGarantie : garantie r\u00e9sidentielle \u00e0 vie limit\u00e9e \/ 20 ans de garantie commerciale limit\u00e9e<\/p>","protected":false},"excerpt":{"rendered":"<p><strong>Dimensions :<\/strong><\/p>\n<p>\u00c9paisseur : 4.5\/05 mm<br \/>\nLargeur : 600 mm (24\u2033)<br \/>\nLongueur : 600 mm (24\u2033)<\/p>\n<p>Couvre : 27.13 pi\u00b2 \/ boite<br \/>\nInstallation : coller et d\u00e9poser<br \/>\nCouche d\u2019usure : 0,5 mm<br \/>\nGarantie : garantie r\u00e9sidentielle \u00e0 vie limit\u00e9e \/ 20 ans de garantie commerciale limit\u00e9e<\/p>","protected":false},"featured_media":110477,"comment_status":"closed","ping_status":"closed","template":"","meta":{"rank_math_lock_modified_date":false},"product_cat":[175],"product_tag":[],"class_list":{"0":"post-110476","1":"product","2":"type-product","3":"status-publish","4":"has-post-thumbnail","6":"product_cat-vinyle-loose-lay","7":"product_shipping_class-palette","9":"first","10":"instock","11":"taxable","12":"shipping-taxable","13":"purchasable","14":"product-type-simple"},"_links":{"self":[{"href":"https:\/\/pdirect.ca\/en\/wp-json\/wp\/v2\/product\/110476"}],"collection":[{"href":"https:\/\/pdirect.ca\/en\/wp-json\/wp\/v2\/product"}],"about":[{"href":"https:\/\/pdirect.ca\/en\/wp-json\/wp\/v2\/types\/product"}],"replies":[{"embeddable":true,"href":"https:\/\/pdirect.ca\/en\/wp-json\/wp\/v2\/comments?post=110476"}],"wp:featuredmedia":[{"embeddable":true,"href":"https:\/\/pdirect.ca\/en\/wp-json\/wp\/v2\/media\/110477"}],"wp:attachment":[{"href":"https:\/\/pdirect.ca\/en\/wp-json\/wp\/v2\/media?parent=110476"}],"wp:term":[{"taxonomy":"product_cat","embeddable":true,"href":"https:\/\/pdirect.ca\/en\/wp-json\/wp\/v2\/product_cat?post=110476"},{"taxonomy":"product_tag","embeddable":true,"href":"https:\/\/pdirect.ca\/en\/wp-json\/wp\/v2\/product_tag?post=110476"}],"curies":[{"name":"wp","href":"https:\/\/api.w.org\/{rel}","templated":true}]}}