{"id":99584,"date":"2020-12-31T00:14:37","date_gmt":"2020-12-31T05:14:37","guid":{"rendered":"http:\/\/34.95.37.187\/?post_type=product&#038;p=99584"},"modified":"2025-11-03T11:21:00","modified_gmt":"2025-11-03T16:21:00","slug":"5780804-2-99pi2","status":"publish","type":"product","link":"https:\/\/pdirect.ca\/en\/product\/5780804-2-99pi2\/","title":{"rendered":"Planchers 1867 Planchette Magma Evolution 5780804 vinyle clic"},"content":{"rendered":"<p><strong>Dimensions :<\/strong><br \/>\n\u00c9paisseur\u00a0: 4,2 mm\u00a0(1\/8\u2033)<br \/>\nLargeur : 150 mm (5 7\/8\u2033)<br \/>\nLongueur : 1220 mm (48\u2033)<\/p>\n<p>Couvre : 19,70 pi\u00b2 \/ boite<br \/>\nFini : bois antique<br \/>\nAvec membrane attach\u00e9e de 1 mm<br \/>\nBiseaut\u00e9s quatre c\u00f4t\u00e9s<br \/>\nInstallation : syst\u00e8me clic sans colle<br \/>\nMat\u00e9riel vierge<br \/>\nCouche d&rsquo;usure : 0,3 mm<br \/>\nGarantie\u00a0: r\u00e9sidentielle 25 ans \/ commerciale 5 ans<\/p>","protected":false},"excerpt":{"rendered":"<p><strong>Dimensions :<\/strong><br \/>\n\u00c9paisseur\u00a0: 4,2 mm\u00a0(1\/8\u2033)<br \/>\nLargeur : 150 mm (5 7\/8\u2033)<br \/>\nLongueur : 1220 mm (48\u2033)<\/p>\n<p>Couvre : 19,70 pi\u00b2 \/ boite<br \/>\nFini : bois antique<br \/>\nAvec membrane attach\u00e9e de 1 mm<br \/>\nBiseaut\u00e9s quatre c\u00f4t\u00e9s<br \/>\nInstallation : syst\u00e8me clic sans colle<br \/>\nMat\u00e9riel vierge<br \/>\nCouche d&rsquo;usure : 0,3 mm<br \/>\nGarantie\u00a0: r\u00e9sidentielle 25 ans \/ commerciale 5 ans<\/p>","protected":false},"featured_media":99585,"comment_status":"open","ping_status":"closed","template":"","meta":{"rank_math_lock_modified_date":false},"product_cat":[141],"product_tag":[],"class_list":{"0":"post-99584","1":"product","2":"type-product","3":"status-publish","4":"has-post-thumbnail","6":"product_cat-vinyle-clic","7":"product_shipping_class-palette","9":"first","10":"instock","11":"taxable","12":"shipping-taxable","13":"purchasable","14":"product-type-simple"},"_links":{"self":[{"href":"https:\/\/pdirect.ca\/en\/wp-json\/wp\/v2\/product\/99584"}],"collection":[{"href":"https:\/\/pdirect.ca\/en\/wp-json\/wp\/v2\/product"}],"about":[{"href":"https:\/\/pdirect.ca\/en\/wp-json\/wp\/v2\/types\/product"}],"replies":[{"embeddable":true,"href":"https:\/\/pdirect.ca\/en\/wp-json\/wp\/v2\/comments?post=99584"}],"wp:featuredmedia":[{"embeddable":true,"href":"https:\/\/pdirect.ca\/en\/wp-json\/wp\/v2\/media\/99585"}],"wp:attachment":[{"href":"https:\/\/pdirect.ca\/en\/wp-json\/wp\/v2\/media?parent=99584"}],"wp:term":[{"taxonomy":"product_cat","embeddable":true,"href":"https:\/\/pdirect.ca\/en\/wp-json\/wp\/v2\/product_cat?post=99584"},{"taxonomy":"product_tag","embeddable":true,"href":"https:\/\/pdirect.ca\/en\/wp-json\/wp\/v2\/product_tag?post=99584"}],"curies":[{"name":"wp","href":"https:\/\/api.w.org\/{rel}","templated":true}]}}